{"id":6904,"date":"2024-06-30T23:33:25","date_gmt":"2024-07-01T02:33:25","guid":{"rendered":"https:\/\/ofertasimportadas.cl\/?post_type=product&#038;p=6904"},"modified":"2024-08-10T12:11:11","modified_gmt":"2024-08-10T15:11:11","slug":"biotina-spring-valley-10000mcg-disolucion-rapida-sabor-fresa-60-unidades","status":"publish","type":"product","link":"https:\/\/ofertasimportadas.cl\/index.php\/producto\/biotina-spring-valley-10000mcg-disolucion-rapida-sabor-fresa-60-unidades\/","title":{"rendered":"Biotina SPRING VALLEY 10000mcg disoluci\u00f3n r\u00e1pida sabor fresa, 60 unidades"},"content":{"rendered":"<p><span>El suplemento diet\u00e9tico de biotina de disoluci\u00f3n r\u00e1pida de Spring Valley es un suplemento diet\u00e9tico para la salud del cabello, la piel y las u\u00f1as. La biotina es una vitamina B que es esencial para un metabolismo energ\u00e9tico saludable y tambi\u00e9n favorece la salud del cabello, la piel y las u\u00f1as. La dosis sugerida para adultos es una tableta de disoluci\u00f3n r\u00e1pida al d\u00eda, preferiblemente con una comida. Estos suplementos no contienen leche, huevos, pescado, crust\u00e1ceos, nueces, man\u00ed, soja, levadura, colorantes o sabores artificiales ni conservantes. Puede estar seguro de que el suplemento diet\u00e9tico de biotina de disoluci\u00f3n r\u00e1pida de Spring Valley se produce con estrictas pautas de calidad y est\u00e1 respaldado por una garant\u00eda de calidad, lo que los convierte en una opci\u00f3n inteligente para sus necesidades de suplementos diet\u00e9ticos.<\/span><\/p>\n<p><span>Spring Valley entiende que vivir un estilo de vida saludable y equilibrado es la clave para ser lo mejor de uno mismo. Con una gama asequible de productos inspirados en la naturaleza, Spring Valley respalda su salud y su bienestar integral y el de su familia.<\/span><\/p>\n<ul>\n<li><span>Suplemento diet\u00e9tico de biotina de disoluci\u00f3n r\u00e1pida Spring Valley, 10 000 mcg, 60 unidades<\/span><\/li>\n<li><span>Vitamina AB que es esencial para un metabolismo energ\u00e9tico saludable<\/span><\/li>\n<li><span>Tambi\u00e9n apoya la salud del cabello, la piel y las u\u00f1as.<\/span><\/li>\n<li><span>Sabor natural a fresa<\/span><\/li>\n<li><span>Sin leche, huevos, pescado, mariscos crust\u00e1ceos, frutos secos, cacahuetes, soja ni levadura.<\/span><\/li>\n<li><span>Sin conservantes, colorantes ni sabores artificiales.<\/span><\/li>\n<li><span>Frasco con 60 comprimidos de r\u00e1pida disoluci\u00f3n.<\/span><\/li>\n<\/ul>\n","protected":false},"excerpt":{"rendered":"<p>El suplemento diet\u00e9tico de biotina de disoluci\u00f3n r\u00e1pida de Spring Valley es un suplemento diet\u00e9tico para la salud del cabello, la piel y las u\u00f1as. La<span class=\"excerpt-hellip\"> [\u2026]<\/span><\/p>\n","protected":false},"featured_media":6908,"comment_status":"open","ping_status":"closed","template":"","meta":{"_joinchat":[]},"product_brand":[],"product_cat":[15],"product_tag":[],"class_list":{"0":"post-6904","1":"product","2":"type-product","3":"status-publish","4":"has-post-thumbnail","6":"product_cat-sin-categoria","8":"first","9":"outofstock","10":"shipping-taxable","11":"purchasable","12":"product-type-simple"},"_links":{"self":[{"href":"https:\/\/ofertasimportadas.cl\/index.php\/wp-json\/wp\/v2\/product\/6904","targetHints":{"allow":["GET"]}}],"collection":[{"href":"https:\/\/ofertasimportadas.cl\/index.php\/wp-json\/wp\/v2\/product"}],"about":[{"href":"https:\/\/ofertasimportadas.cl\/index.php\/wp-json\/wp\/v2\/types\/product"}],"replies":[{"embeddable":true,"href":"https:\/\/ofertasimportadas.cl\/index.php\/wp-json\/wp\/v2\/comments?post=6904"}],"wp:featuredmedia":[{"embeddable":true,"href":"https:\/\/ofertasimportadas.cl\/index.php\/wp-json\/wp\/v2\/media\/6908"}],"wp:attachment":[{"href":"https:\/\/ofertasimportadas.cl\/index.php\/wp-json\/wp\/v2\/media?parent=6904"}],"wp:term":[{"taxonomy":"product_brand","embeddable":true,"href":"https:\/\/ofertasimportadas.cl\/index.php\/wp-json\/wp\/v2\/product_brand?post=6904"},{"taxonomy":"product_cat","embeddable":true,"href":"https:\/\/ofertasimportadas.cl\/index.php\/wp-json\/wp\/v2\/product_cat?post=6904"},{"taxonomy":"product_tag","embeddable":true,"href":"https:\/\/ofertasimportadas.cl\/index.php\/wp-json\/wp\/v2\/product_tag?post=6904"}],"curies":[{"name":"wp","href":"https:\/\/api.w.org\/{rel}","templated":true}]}}