{"id":7017,"date":"2024-07-17T11:17:16","date_gmt":"2024-07-17T14:17:16","guid":{"rendered":"https:\/\/ofertasimportadas.cl\/?post_type=product&#038;p=7017"},"modified":"2026-05-12T19:26:40","modified_gmt":"2026-05-12T22:26:40","slug":"systane-ultra-gotas-oftalmicas-lubricantes-triple-pack-30ml","status":"publish","type":"product","link":"https:\/\/ofertasimportadas.cl\/index.php\/producto\/systane-ultra-gotas-oftalmicas-lubricantes-triple-pack-30ml\/","title":{"rendered":"Systane Ultra Gotas Oft\u00e1lmicas Lubricantes Triple Pack 30ml"},"content":{"rendered":"<p>Systane Ultra Gotas Oft\u00e1lmicas Lubricantes Triple Pack 30ml<\/p>\n<p>Alivio de ACCI\u00d3N R\u00c1PIDA para el ojo seco<br \/>\nCon Systane\u00ae ULTRA gotas oft\u00e1lmicas lubricantes, obtendr\u00e1s un alivio de acci\u00f3n r\u00e1pida cuando m\u00e1s lo necesites<br \/>\nInformaci\u00f3n del producto y uso<\/p>\n<p>Informaci\u00f3n del producto<\/p>\n<p>Para ojo seco con deficiencia acuosa (agua)<br \/>\nRestaura la capa mucosa3<br \/>\n2x m\u00e1s lubricante4 (comparado con la formulaci\u00f3n s\u00f3lo con \u00e1cido hialur\u00f3nico)<br \/>\nHidrata instant\u00e1neamente la superficie ocular (ojo)<br \/>\n<strong>3 frascos Drop-Tainer\u2122 10 mL.<\/strong><\/p>\n<p>Uso del producto<\/p>\n<p>Se puede utilizar tantas veces como sea necesario durante el d\u00eda<br \/>\nInstila 1 o 2 gotas en el ojo afectado y parpadea<br \/>\nPuede utilizarse con lentillas**<\/p>\n<p>Preguntas frecuentes Systane\u00ae ULTRA<\/p>\n<p>\u00bfSe puede usar SYSTANE\u00ae ULTRA con lentillas?<br \/>\nSi, SYSTANE\u00ae ULTRA gotas oft\u00e1lmicas lubricantes se puede usar mientras usas lentillas.<\/p>\n<p>\u00bfDurante cu\u00e1nto tiempo est\u00e1 en buenas condiciones de uso SYSTANE\u00ae ULTRA despu\u00e9s de abrir?<br \/>\nEl frasco de 10 mL de SYSTANE\u00ae ULTRA se puede usar durante 6 meses despu\u00e9s de la abertura, siempre que el producto no haya caducado. Comprueba siempre la fecha de caducidad que consta en la etiqueta.<\/p>\n<p>Contraindicaciones (motivos por los que no se debe utilizar):<br \/>\nLas personas al\u00e9rgicas a cualquiera de los componentes de SYSTANE\u00ae ULTRA Gotas Oft\u00e1lmico Lubricante no deber\u00e1n utilizar este producto.<\/p>\n<p>&nbsp;<\/p>\n<p>Efectos adversos (posibles problemas y qu\u00e9 hacer para solucionarlos):<\/p>\n<p>Si nota molestias oculares persistentes, lagrimeo excesivo, cambios en la visi\u00f3n o enrojecimiento ocular, deje de utilizar SYSTANE\u00ae ULTRA Gotas Oft\u00e1lmico Lubricante y consulte al profesional sanitario, ya que el problema podr\u00eda empeorar.<\/p>\n","protected":false},"excerpt":{"rendered":"<p>Systane Ultra Gotas Oft\u00e1lmicas Lubricantes Triple Pack 30ml Alivio de ACCI\u00d3N R\u00c1PIDA para el ojo seco Con Systane\u00ae ULTRA gotas oft\u00e1lmicas lubricantes, obtendr\u00e1s un alivio de<span class=\"excerpt-hellip\"> [\u2026]<\/span><\/p>\n","protected":false},"featured_media":7018,"comment_status":"open","ping_status":"closed","template":"","meta":{"_joinchat":[]},"product_brand":[],"product_cat":[67,127,126,26,27,101,81,70],"product_tag":[],"class_list":{"0":"post-7017","1":"product","2":"type-product","3":"status-publish","4":"has-post-thumbnail","6":"product_cat-destacados","7":"product_cat-otros","8":"product_cat-otros-vitaminas-para-ellas","9":"product_cat-para-ellas","10":"product_cat-para-ellos","11":"product_cat-todos-los-productos","12":"product_cat-vitaminas-para-ellos","13":"product_cat-vitaminas","15":"first","16":"instock","17":"shipping-taxable","18":"purchasable","19":"product-type-simple"},"_links":{"self":[{"href":"https:\/\/ofertasimportadas.cl\/index.php\/wp-json\/wp\/v2\/product\/7017","targetHints":{"allow":["GET"]}}],"collection":[{"href":"https:\/\/ofertasimportadas.cl\/index.php\/wp-json\/wp\/v2\/product"}],"about":[{"href":"https:\/\/ofertasimportadas.cl\/index.php\/wp-json\/wp\/v2\/types\/product"}],"replies":[{"embeddable":true,"href":"https:\/\/ofertasimportadas.cl\/index.php\/wp-json\/wp\/v2\/comments?post=7017"}],"wp:featuredmedia":[{"embeddable":true,"href":"https:\/\/ofertasimportadas.cl\/index.php\/wp-json\/wp\/v2\/media\/7018"}],"wp:attachment":[{"href":"https:\/\/ofertasimportadas.cl\/index.php\/wp-json\/wp\/v2\/media?parent=7017"}],"wp:term":[{"taxonomy":"product_brand","embeddable":true,"href":"https:\/\/ofertasimportadas.cl\/index.php\/wp-json\/wp\/v2\/product_brand?post=7017"},{"taxonomy":"product_cat","embeddable":true,"href":"https:\/\/ofertasimportadas.cl\/index.php\/wp-json\/wp\/v2\/product_cat?post=7017"},{"taxonomy":"product_tag","embeddable":true,"href":"https:\/\/ofertasimportadas.cl\/index.php\/wp-json\/wp\/v2\/product_tag?post=7017"}],"curies":[{"name":"wp","href":"https:\/\/api.w.org\/{rel}","templated":true}]}}