{"id":7085,"date":"2024-07-27T10:57:00","date_gmt":"2024-07-27T13:57:00","guid":{"rendered":"https:\/\/ofertasimportadas.cl\/?post_type=product&#038;p=7085"},"modified":"2026-05-10T00:24:09","modified_gmt":"2026-05-10T03:24:09","slug":"probiotico-womens-daily-trunature-90-capsulas","status":"publish","type":"product","link":"https:\/\/ofertasimportadas.cl\/index.php\/producto\/probiotico-womens-daily-trunature-90-capsulas\/","title":{"rendered":"Probi\u00f3tico Women\u2019s Daily Trunature 90 C\u00e1psulas"},"content":{"rendered":"<p>Descripci\u00f3n<\/p>\n<pre id=\"tw-target-text\" class=\"tw-data-text tw-text-large JgzqYd RES9jf tw-ta\" dir=\"ltr\" data-placeholder=\"Traducci\u00f3n\" aria-label=\"Texto traducido\" data-ved=\"2ahUKEwjD6sSKrMeHAxU2LrkGHSHyBusQ3ewLegQIAxAX\"><span class=\"Y2IQFc\" lang=\"es\">Trunature\u00ae Women's Daily Probiotic est\u00e1 especialmente formulado con 25 mil millones \r\nde c\u00e9lulas viables de 10 cepas de bacterias Lactobacillus y Bifidobacterium estudiadas \r\ncient\u00edficamente y espec\u00edficamente dise\u00f1adas para ayudar a respaldar la salud vaginal,\r\n digestiva o inmunol\u00f3gica.* Esta combinaci\u00f3n \u00fanica de cepas probi\u00f3ticas puede ayudar \r\na restaurar el equilibrio natural de bacterias buenas*, que te permiten la libertad de \r\nconcentrarte en lo que importa.<\/span><\/pre>\n<ul>\n<li class=\"tw-data-text tw-text-large JgzqYd RES9jf tw-ta\" dir=\"ltr\" data-placeholder=\"Traducci\u00f3n\" aria-label=\"Texto traducido\" data-ved=\"2ahUKEwjD6sSKrMeHAxU2LrkGHSHyBusQ3ewLegQIAxAX\"><span class=\"Y2IQFc\" lang=\"es\">10 cepas<\/span><\/li>\n<li class=\"tw-data-text tw-text-large JgzqYd RES9jf tw-ta\" dir=\"ltr\" data-placeholder=\"Traducci\u00f3n\" aria-label=\"Texto traducido\" data-ved=\"2ahUKEwjD6sSKrMeHAxU2LrkGHSHyBusQ3ewLegQIAxAX\"><span class=\"Y2IQFc\" lang=\"es\"> 25 mil millones de c\u00e9lulas viables <\/span><\/li>\n<li class=\"tw-data-text tw-text-large JgzqYd RES9jf tw-ta\" dir=\"ltr\" data-placeholder=\"Traducci\u00f3n\" aria-label=\"Texto traducido\" data-ved=\"2ahUKEwjD6sSKrMeHAxU2LrkGHSHyBusQ3ewLegQIAxAX\"><span class=\"Y2IQFc\" lang=\"es\">Ayuda a apoyar la salud vaginal, digestiva e inmunol\u00f3gica <\/span><\/li>\n<li class=\"tw-data-text tw-text-large JgzqYd RES9jf tw-ta\" dir=\"ltr\" data-placeholder=\"Traducci\u00f3n\" aria-label=\"Texto traducido\" data-ved=\"2ahUKEwjD6sSKrMeHAxU2LrkGHSHyBusQ3ewLegQIAxAX\"><span class=\"Y2IQFc\" lang=\"es\"><span class=\"Y2IQFc\" lang=\"es\">Sin l\u00e1cteos, gelatina, gluten, soja ni di\u00f3xido de titanio.<\/span><\/span>&nbsp;<\/li>\n<\/ul>\n<pre id=\"tw-target-text\" class=\"tw-data-text tw-text-large JgzqYd RES9jf tw-ta\" dir=\"ltr\" data-placeholder=\"Traducci\u00f3n\" aria-label=\"Texto traducido\" data-ved=\"2ahUKEwjD6sSKrMeHAxU2LrkGHSHyBusQ3ewLegQIAxAX\"><span class=\"Y2IQFc\" lang=\"es\">Apoyo a la salud femenina* con solo una c\u00e1psula al d\u00eda\r\nFactores como el estr\u00e9s, la mala alimentaci\u00f3n y los medicamentos \r\nrecetados pueden alterar dr\u00e1sticamente el equilibrio de las bacterias \r\nbuenas en el tracto vaginal y el sistema digestivo. trunature\u00ae Women's \r\nDaily Probiotic est\u00e1 formulado con cepas de bacterias beneficiosas \r\ncl\u00ednicamente estudiadas para ayudar a respaldar la salud vaginal, digestiva \r\ne inmunol\u00f3gica.*\r\nNuestra f\u00f3rmula tambi\u00e9n contiene xilooligosac\u00e1ridos (XOS), un prebi\u00f3tico \r\nconocido por alimentar bacterias beneficiosas en su sistema digestivo y por\r\nayudar a contribuir a su salud digestiva general.*\r\n\r\n<\/span><\/pre>\n<pre id=\"tw-target-text\" class=\"tw-data-text tw-text-large JgzqYd RES9jf tw-ta\" dir=\"ltr\" data-placeholder=\"Traducci\u00f3n\" aria-label=\"Texto traducido\" data-ved=\"2ahUKEwjD6sSKrMeHAxU2LrkGHSHyBusQ3ewLegQIAxAX\"><span class=\"Y2IQFc\" lang=\"es\">USO SUGERIDO: Como complemento alimenticio, tomar una (1) c\u00e1psula una vez al d\u00eda.\r\nNo triture ni mastique. Puede tomarse antes o despu\u00e9s de las comidas.<\/span><\/pre>\n<p>&nbsp;<\/p>\n","protected":false},"excerpt":{"rendered":"<p>Descripci\u00f3n Trunature\u00ae Women&#8217;s Daily Probiotic est\u00e1 especialmente formulado con 25 mil millones de c\u00e9lulas viables de 10 cepas de bacterias Lactobacillus y Bifidobacterium estudiadas cient\u00edficamente y<span class=\"excerpt-hellip\"> [\u2026]<\/span><\/p>\n","protected":false},"featured_media":7086,"comment_status":"open","ping_status":"closed","template":"","meta":{"_joinchat":[]},"product_brand":[],"product_cat":[67,26,101,70],"product_tag":[],"class_list":{"0":"post-7085","1":"product","2":"type-product","3":"status-publish","4":"has-post-thumbnail","6":"product_cat-destacados","7":"product_cat-para-ellas","8":"product_cat-todos-los-productos","9":"product_cat-vitaminas","11":"first","12":"instock","13":"shipping-taxable","14":"purchasable","15":"product-type-simple"},"_links":{"self":[{"href":"https:\/\/ofertasimportadas.cl\/index.php\/wp-json\/wp\/v2\/product\/7085","targetHints":{"allow":["GET"]}}],"collection":[{"href":"https:\/\/ofertasimportadas.cl\/index.php\/wp-json\/wp\/v2\/product"}],"about":[{"href":"https:\/\/ofertasimportadas.cl\/index.php\/wp-json\/wp\/v2\/types\/product"}],"replies":[{"embeddable":true,"href":"https:\/\/ofertasimportadas.cl\/index.php\/wp-json\/wp\/v2\/comments?post=7085"}],"wp:featuredmedia":[{"embeddable":true,"href":"https:\/\/ofertasimportadas.cl\/index.php\/wp-json\/wp\/v2\/media\/7086"}],"wp:attachment":[{"href":"https:\/\/ofertasimportadas.cl\/index.php\/wp-json\/wp\/v2\/media?parent=7085"}],"wp:term":[{"taxonomy":"product_brand","embeddable":true,"href":"https:\/\/ofertasimportadas.cl\/index.php\/wp-json\/wp\/v2\/product_brand?post=7085"},{"taxonomy":"product_cat","embeddable":true,"href":"https:\/\/ofertasimportadas.cl\/index.php\/wp-json\/wp\/v2\/product_cat?post=7085"},{"taxonomy":"product_tag","embeddable":true,"href":"https:\/\/ofertasimportadas.cl\/index.php\/wp-json\/wp\/v2\/product_tag?post=7085"}],"curies":[{"name":"wp","href":"https:\/\/api.w.org\/{rel}","templated":true}]}}