{"id":7270,"date":"2024-08-26T16:53:25","date_gmt":"2024-08-26T19:53:25","guid":{"rendered":"https:\/\/ofertasimportadas.cl\/?post_type=product&#038;p=7270"},"modified":"2026-04-22T23:37:08","modified_gmt":"2026-04-23T02:37:08","slug":"melatonina-spring-valley-10mg-120-gomitas","status":"publish","type":"product","link":"https:\/\/ofertasimportadas.cl\/index.php\/producto\/melatonina-spring-valley-10mg-120-gomitas\/","title":{"rendered":"Melatonina SPRING VALLEY 10mg 120 gomitas"},"content":{"rendered":"<div class=\"expand-collapse-header flex justify-between items-center w-100\">\n<h3 class=\"w-100 ma0 pa3 f5 lh-copy normal\" aria-hidden=\"false\">Detalles del producto<\/h3>\n<div class=\"pr3\"><\/div>\n<\/div>\n<div class=\"w_rNem expand-collapse-content\" data-testid=\"ui-collapse-panel\">\n<div class=\"ph3 pb4 pt1\">\n<div class=\"nb3\" data-testid=\"product-description-content\">\n<div class=\"mb3\">\n<div class=\"dangerous-html mb3\">\n<p>Gomitas de suplemento diet\u00e9tico de melatonina sin OGM de Spring Valley, ar\u00e1ndano. Nuestras gomitas de suplemento diet\u00e9tico de melatonina para apoyar el sue\u00f1o de potencia extra de Spring Valley pueden ayudarlo a superar esas noches sin descanso y lograr la cantidad de sue\u00f1o que necesita para funcionar correctamente durante el d\u00eda. Esta f\u00f3rmula de potencia extra proporciona 10 miligramos de melatonina por cada dos gomitas. La melatonina es un compuesto natural .<\/p>\n<p>El cuerpo libera naturalmente melatonina en respuesta a los cambios de luz y, como los niveles de melatonina aumentan durante la noche, este suplemento favorece esa funci\u00f3n natural. Estas gomitas no contienen levadura, leche, huevos, conservantes a\u00f1adidos ni sabores artificiales y son aptas para una dieta vegetariana. Obtenga el descanso reparador que necesita con el suplemento diet\u00e9tico en gomitas Spring Valley Extra Strength Melatonin Sleep Support.<\/p>\n<\/div>\n<\/div>\n<div class=\"mb3\">\n<div class=\"dangerous-html mb3\">\n<p>Suplemento diet\u00e9tico en gomitas de melatonina sin OGM de Spring Valley, ar\u00e1ndano, 10 mg, 120 unidades<\/p>\n<ul>\n<li>Suplemento diet\u00e9tico en gomitas Spring Valley Extra Strength Melatonin Sleep Support, ar\u00e1ndano, 10 mg, 120 unidades<\/li>\n<li>Suplemento diet\u00e9tico para apoyar el sue\u00f1o<\/li>\n<li>F\u00f3rmula extra fuerte<\/li>\n<li>10 mg de melatonina por raci\u00f3n<\/li>\n<li>Sin levadura, leche, huevos, conservantes a\u00f1adidos ni sabores artificiales.<\/li>\n<\/ul>\n<\/div>\n<\/div>\n<\/div>\n<\/div>\n<\/div>\n","protected":false},"excerpt":{"rendered":"<p>Detalles del producto Gomitas de suplemento diet\u00e9tico de melatonina sin OGM de Spring Valley, ar\u00e1ndano. Nuestras gomitas de suplemento diet\u00e9tico de melatonina para apoyar el sue\u00f1o<span class=\"excerpt-hellip\"> [\u2026]<\/span><\/p>\n","protected":false},"featured_media":7274,"comment_status":"open","ping_status":"closed","template":"","meta":{"_joinchat":[]},"product_brand":[],"product_cat":[15],"product_tag":[],"class_list":{"0":"post-7270","1":"product","2":"type-product","3":"status-publish","4":"has-post-thumbnail","6":"product_cat-sin-categoria","8":"first","9":"outofstock","10":"shipping-taxable","11":"purchasable","12":"product-type-simple"},"_links":{"self":[{"href":"https:\/\/ofertasimportadas.cl\/index.php\/wp-json\/wp\/v2\/product\/7270","targetHints":{"allow":["GET"]}}],"collection":[{"href":"https:\/\/ofertasimportadas.cl\/index.php\/wp-json\/wp\/v2\/product"}],"about":[{"href":"https:\/\/ofertasimportadas.cl\/index.php\/wp-json\/wp\/v2\/types\/product"}],"replies":[{"embeddable":true,"href":"https:\/\/ofertasimportadas.cl\/index.php\/wp-json\/wp\/v2\/comments?post=7270"}],"wp:featuredmedia":[{"embeddable":true,"href":"https:\/\/ofertasimportadas.cl\/index.php\/wp-json\/wp\/v2\/media\/7274"}],"wp:attachment":[{"href":"https:\/\/ofertasimportadas.cl\/index.php\/wp-json\/wp\/v2\/media?parent=7270"}],"wp:term":[{"taxonomy":"product_brand","embeddable":true,"href":"https:\/\/ofertasimportadas.cl\/index.php\/wp-json\/wp\/v2\/product_brand?post=7270"},{"taxonomy":"product_cat","embeddable":true,"href":"https:\/\/ofertasimportadas.cl\/index.php\/wp-json\/wp\/v2\/product_cat?post=7270"},{"taxonomy":"product_tag","embeddable":true,"href":"https:\/\/ofertasimportadas.cl\/index.php\/wp-json\/wp\/v2\/product_tag?post=7270"}],"curies":[{"name":"wp","href":"https:\/\/api.w.org\/{rel}","templated":true}]}}