{"id":7643,"date":"2024-11-13T13:56:45","date_gmt":"2024-11-13T16:56:45","guid":{"rendered":"https:\/\/ofertasimportadas.cl\/?post_type=product&#038;p=7643"},"modified":"2026-05-10T00:23:38","modified_gmt":"2026-05-10T03:23:38","slug":"melatonina-5-mg-250-dosis","status":"publish","type":"product","link":"https:\/\/ofertasimportadas.cl\/index.php\/producto\/melatonina-5-mg-250-dosis\/","title":{"rendered":"Melatonina 5mg 250 dosis"},"content":{"rendered":"<p>La melatonina funciona como el reloj biol\u00f3gico del cuerpo, que controla los ciclos de sue\u00f1o y vigilia.<\/p>\n<p>La edad, el estr\u00e9s diario y las opciones de dieta inducidas por estilos de vida ajetreados pueden afectar la producci\u00f3n de melatonina del cuerpo.<\/p>\n<p>Natrol es la marca de ayuda para dormir sin medicamentos N\u00b0 1 en Estados Unidos.<\/p>\n<p>Natrol Melatonin es un suplemento para dormir\u00a0 que ayuda con el insomnio ocasional, adem\u00e1s de establecer patrones de sue\u00f1o normales para brindarle un sue\u00f1o m\u00e1s reparador y relajante.<\/p>\n<ul>\n<li class=\"body3\">Te ayuda a conciliar el sue\u00f1o m\u00e1s r\u00e1pido, a permanecer dormido durante m\u00e1s tiempo y a despertarte sinti\u00e9ndote renovado<\/li>\n<li class=\"body3\">100% libre de drogas<\/li>\n<li class=\"body3\">Delicioso sabor a fresa y otros sabores naturales.<\/li>\n<li class=\"body3\">No necesita agua<\/li>\n<li class=\"body3\">Tabletas de disoluci\u00f3n r\u00e1pida disponible en presentaci\u00f3n de 250 unidades.<\/li>\n<li class=\"body3\">5 mg de melatonina por raci\u00f3n<\/li>\n<\/ul>\n","protected":false},"excerpt":{"rendered":"<p>La melatonina funciona como el reloj biol\u00f3gico del cuerpo, que controla los ciclos de sue\u00f1o y vigilia. La edad, el estr\u00e9s diario y las opciones de<span class=\"excerpt-hellip\"> [\u2026]<\/span><\/p>\n","protected":false},"featured_media":7644,"comment_status":"open","ping_status":"closed","template":"","meta":{"_joinchat":[]},"product_brand":[],"product_cat":[67,84,75,26,27,101,81,70],"product_tag":[],"class_list":{"0":"post-7643","1":"product","2":"type-product","3":"status-publish","4":"has-post-thumbnail","6":"product_cat-destacados","7":"product_cat-melatonina-vitaminas-para-ellos","8":"product_cat-melatonina","9":"product_cat-para-ellas","10":"product_cat-para-ellos","11":"product_cat-todos-los-productos","12":"product_cat-vitaminas-para-ellos","13":"product_cat-vitaminas","15":"first","16":"instock","17":"shipping-taxable","18":"purchasable","19":"product-type-simple"},"_links":{"self":[{"href":"https:\/\/ofertasimportadas.cl\/index.php\/wp-json\/wp\/v2\/product\/7643","targetHints":{"allow":["GET"]}}],"collection":[{"href":"https:\/\/ofertasimportadas.cl\/index.php\/wp-json\/wp\/v2\/product"}],"about":[{"href":"https:\/\/ofertasimportadas.cl\/index.php\/wp-json\/wp\/v2\/types\/product"}],"replies":[{"embeddable":true,"href":"https:\/\/ofertasimportadas.cl\/index.php\/wp-json\/wp\/v2\/comments?post=7643"}],"wp:featuredmedia":[{"embeddable":true,"href":"https:\/\/ofertasimportadas.cl\/index.php\/wp-json\/wp\/v2\/media\/7644"}],"wp:attachment":[{"href":"https:\/\/ofertasimportadas.cl\/index.php\/wp-json\/wp\/v2\/media?parent=7643"}],"wp:term":[{"taxonomy":"product_brand","embeddable":true,"href":"https:\/\/ofertasimportadas.cl\/index.php\/wp-json\/wp\/v2\/product_brand?post=7643"},{"taxonomy":"product_cat","embeddable":true,"href":"https:\/\/ofertasimportadas.cl\/index.php\/wp-json\/wp\/v2\/product_cat?post=7643"},{"taxonomy":"product_tag","embeddable":true,"href":"https:\/\/ofertasimportadas.cl\/index.php\/wp-json\/wp\/v2\/product_tag?post=7643"}],"curies":[{"name":"wp","href":"https:\/\/api.w.org\/{rel}","templated":true}]}}