{"id":7704,"date":"2024-11-29T08:49:07","date_gmt":"2024-11-29T11:49:07","guid":{"rendered":"https:\/\/ofertasimportadas.cl\/?post_type=product&#038;p=7704"},"modified":"2025-04-11T17:48:59","modified_gmt":"2025-04-11T20:48:59","slug":"vitamina-c-1000mg-500-dosis-spring-valley","status":"publish","type":"product","link":"https:\/\/ofertasimportadas.cl\/index.php\/producto\/vitamina-c-1000mg-500-dosis-spring-valley\/","title":{"rendered":"Vitamina C 1000mg 500 dosis Spring Valley"},"content":{"rendered":"<p>Las tabletas de vitamina C de Spring Valley con rosa mosqueta est\u00e1n formuladas para proporcionar apoyo de salud inmune a las personas activas. La vitamina C es un potente antioxidante y un nutriente esencial que apoya la salud inmune, cardiovascular y \u00f3sea. La dosis recomendada para adultos es de un comprimido al d\u00eda, preferiblemente con una comida. Estas tabletas est\u00e1n libres de gluten, levadura, trigo, leche o derivados de la leche, lactosa, az\u00facar o soja. Tampoco contienen colores o sabores artificiales y tienen menos de cinco miligramos de sodio por porci\u00f3n. Puede estar seguro de que las tabletas de vitamina C de Spring Valley con rosa mosqueta se producen con estrictas pautas de calidad y est\u00e1n respaldadas por nuestra garant\u00eda de calidad.<\/p>\n<p>Spring Valley entiende que vivir un estilo de vida saludable y equilibrado es la clave para ser el mejor de los dos. Con una gama asequible de productos inspirados en la naturaleza, Spring Valley apoya su salud y el bienestar hol\u00edstico de su familia.<\/p>\n<ul>\n<li>Suplemento diet\u00e9tico en comprimidos de vitamina C de Spring Valley, tama\u00f1o econ\u00f3mico, 1000 mg, 500 unidades<\/li>\n<li>Apoyo a la salud inmunol\u00f3gica, cardiovascular y \u00f3sea*<\/li>\n<li>1 comprimido al d\u00eda<\/li>\n<li>\u00a0500 tabletas por frasco, para m\u00e1s de 16 meses (500 d\u00edas) de suministro<\/li>\n<li>Sin gluten, az\u00facar, lactosa, colorantes ni sabores artificiales.<\/li>\n<li>1.000 mg de vitamina C y 8 mg de rose hips por comprimido<\/li>\n<li>La vitamina C es un potente antioxidante y un nutriente esencial que puede favorecer la salud inmunol\u00f3gica, cardiovascular y \u00f3sea*<\/li>\n<\/ul>\n<pre id=\"tw-target-text\" class=\"tw-data-text tw-text-large tw-ta\" dir=\"ltr\" data-placeholder=\"Traducci\u00f3n\" data-ved=\"2ahUKEwiB8aigvoGKAxWNDrkGHdBQML8Q3ewLegQICxAU\" aria-label=\"Texto traducido: Instrucciones USO SUGERIDO: Adultos, tomar una tableta al d\u00eda preferiblemente con las comidas como complemento alimenticio. ADVERTENCIA: Las mujeres embarazadas o lactantes, las personas que toman medicamentos o las personas que tienen alg\u00fan problema de salud deben consultar a su m\u00e9dico antes de usar este producto. MANTENER FUERA DEL ALCANCE DE LOS NI\u00d1OS.\"><span class=\"Y2IQFc\" lang=\"es\">Instrucciones\r\nUSO SUGERIDO: Adultos, tomar una tableta al d\u00eda preferiblemente con las comidas como complemento alimenticio. \r\nADVERTENCIA: Las mujeres embarazadas o lactantes, las personas que toman medicamentos o las personas que tienen alg\u00fan\r\n problema de salud deben consultar a su m\u00e9dico antes de usar este producto. MANTENER FUERA DEL ALCANCE DE LOS NI\u00d1OS.<\/span><\/pre>\n","protected":false},"excerpt":{"rendered":"<p>Las tabletas de vitamina C de Spring Valley con rosa mosqueta est\u00e1n formuladas para proporcionar apoyo de salud inmune a las personas activas. La vitamina C<span class=\"excerpt-hellip\"> [\u2026]<\/span><\/p>\n","protected":false},"featured_media":7717,"comment_status":"open","ping_status":"closed","template":"","meta":{"_joinchat":[]},"product_brand":[],"product_cat":[15],"product_tag":[],"class_list":{"0":"post-7704","1":"product","2":"type-product","3":"status-publish","4":"has-post-thumbnail","6":"product_cat-sin-categoria","8":"first","9":"outofstock","10":"shipping-taxable","11":"purchasable","12":"product-type-simple"},"_links":{"self":[{"href":"https:\/\/ofertasimportadas.cl\/index.php\/wp-json\/wp\/v2\/product\/7704","targetHints":{"allow":["GET"]}}],"collection":[{"href":"https:\/\/ofertasimportadas.cl\/index.php\/wp-json\/wp\/v2\/product"}],"about":[{"href":"https:\/\/ofertasimportadas.cl\/index.php\/wp-json\/wp\/v2\/types\/product"}],"replies":[{"embeddable":true,"href":"https:\/\/ofertasimportadas.cl\/index.php\/wp-json\/wp\/v2\/comments?post=7704"}],"wp:featuredmedia":[{"embeddable":true,"href":"https:\/\/ofertasimportadas.cl\/index.php\/wp-json\/wp\/v2\/media\/7717"}],"wp:attachment":[{"href":"https:\/\/ofertasimportadas.cl\/index.php\/wp-json\/wp\/v2\/media?parent=7704"}],"wp:term":[{"taxonomy":"product_brand","embeddable":true,"href":"https:\/\/ofertasimportadas.cl\/index.php\/wp-json\/wp\/v2\/product_brand?post=7704"},{"taxonomy":"product_cat","embeddable":true,"href":"https:\/\/ofertasimportadas.cl\/index.php\/wp-json\/wp\/v2\/product_cat?post=7704"},{"taxonomy":"product_tag","embeddable":true,"href":"https:\/\/ofertasimportadas.cl\/index.php\/wp-json\/wp\/v2\/product_tag?post=7704"}],"curies":[{"name":"wp","href":"https:\/\/api.w.org\/{rel}","templated":true}]}}