{"id":7719,"date":"2024-11-29T09:33:30","date_gmt":"2024-11-29T12:33:30","guid":{"rendered":"https:\/\/ofertasimportadas.cl\/?post_type=product&#038;p=7719"},"modified":"2026-01-30T13:14:36","modified_gmt":"2026-01-30T16:14:36","slug":"melatonina-5mg-90-gomitas-2","status":"publish","type":"product","link":"https:\/\/ofertasimportadas.cl\/index.php\/producto\/melatonina-5mg-90-gomitas-2\/","title":{"rendered":"Melatonina 10mg 60 Gomitas"},"content":{"rendered":"<div>\n<section>\n<section id=\"product-description-section\" data-testid=\"product-description\">\n<section class=\"expand-collapse-section\" aria-describedby=\"delivery-instructions\">\n<div class=\"expand-collapse-header flex justify-between items-center w-100\">\n<div class=\"expand-collapse-header flex justify-between items-center w-100\">\n<h3 class=\"w-100 ma0 pa3 f5 lh-copy normal\">Detalles del producto<\/h3>\n<div class=\"pr3\"><\/div>\n<\/div>\n<div class=\"w_rNem expand-collapse-content\" data-testid=\"ui-collapse-panel\">\n<div class=\"ph3 pb4 pt1\">\n<div class=\"nb3\" data-testid=\"product-description-content\">\n<div class=\"mb3\">\n<div class=\"dangerous-html mb3\">\n<p>Las gomitas Natrol\u00ae Melatonin 10 mg son un apoyo para dormir para adultos y ofrecen opciones convenientes y f\u00e1ciles de tomar para ayudar con el insomnio ocasional. (1) Esta ayuda para dormir Melatonin es 100% libre de drogas, hecha con ingredientes limpios, sin colorantes sint\u00e9ticos, sabores artificiales o edulcorantes. Cada gomita vegetariana, sin OGM y sin gelatina Melatonin ayuda al sue\u00f1o excluye los al\u00e9rgenos alimentarios comunes. Factores como el estr\u00e9s y el tiempo de pantalla antes de acostarse pueden interrumpir la producci\u00f3n de Melatonin y perturbar su sue\u00f1o. Los suplementos de Natrol\u00ae Melatonin 10 mg\u00a0 por porci\u00f3n, proporcionan\u00a0 el apoyo que necesita para dormir m\u00e1s r\u00e1pido y permanecer dormido por m\u00e1s tiempo. (1) La f\u00f3rmula a base de pectina de Natrol\u00ae y gran sabor hacen que estas gomitas para dormir sean m\u00e1s f\u00e1ciles de masticar que las gomitas de gelatina est\u00e1ndar. Adultos, tome dos gomitas 30 minutos antes de acostarse. Natrol\u00ae se dedica a crear productos innovadores y de calidad, para ayudarlo a mantener una buena salud y prosperar en su estilo de vida ocupado y moderno. (1) Estas declaraciones no han sido evaluadas por la Administraci\u00f3n de Alimentos y Medicamentos. Este producto no est\u00e1 destinado a diagnosticar, tratar, curar o prevenir ninguna enfermedad.<\/p>\n<\/div>\n<\/div>\n<div class=\"mb3\">\n<div class=\"dangerous-html mb3\">\n<ul>\n<li>Duerme m\u00e1s r\u00e1pido, permanece dormido m\u00e1s tiempo<\/li>\n<li>100% libre de drogas<\/li>\n<li>No OGM<\/li>\n<li>Libre de gelatina y vegetariano<\/li>\n<li>Sin colorantes sint\u00e9ticos<\/li>\n<li>Sin sabores artificiales, edulcorantes ni conservantes<\/li>\n<li>Sabor a fresa y otros sabores naturales<\/li>\n<\/ul>\n<\/div>\n<\/div>\n<div class=\"w_LDl2 w_ISLy bn bg-transparent dark-gray pa0 sans-serif mb3 lh-copy\">\n<p><span class=\"w__zJP\"><span class=\"w_iUH7\">informaci\u00f3n:<\/span><\/span><\/p>\n<div class=\"w_2NhK\">\n<div><span class=\"b\">Nuestro objetivo es mostrarte informaci\u00f3n precisa sobre los productos.\u00a0<\/span>La informaci\u00f3n que ves aqu\u00ed es proporcionada por fabricantes, proveedores y otros, y no ha sido confirmada por nosotros.\u00a0\u00a0<button class=\"underline pointer b--none bg-transparent sans-serif dark-gray ph0\" type=\"button\" aria-label=\"Consulta nuestro aviso legal\">Consulta nuestro aviso legal<\/button><\/div>\n<\/div>\n<\/div>\n<\/div>\n<\/div>\n<\/div>\n<\/div>\n<\/section>\n<\/section>\n<\/section>\n<\/div>\n","protected":false},"excerpt":{"rendered":"<p>Detalles del producto Las gomitas Natrol\u00ae Melatonin 10 mg son un apoyo para dormir para adultos y ofrecen opciones convenientes y f\u00e1ciles de tomar para ayudar<span class=\"excerpt-hellip\"> [\u2026]<\/span><\/p>\n","protected":false},"featured_media":9072,"comment_status":"open","ping_status":"closed","template":"","meta":{"_joinchat":[]},"product_brand":[],"product_cat":[75,84,26,27,101,70,81],"product_tag":[],"class_list":{"0":"post-7719","1":"product","2":"type-product","3":"status-publish","4":"has-post-thumbnail","6":"product_cat-melatonina","7":"product_cat-melatonina-vitaminas-para-ellos","8":"product_cat-para-ellas","9":"product_cat-para-ellos","10":"product_cat-todos-los-productos","11":"product_cat-vitaminas","12":"product_cat-vitaminas-para-ellos","14":"first","15":"outofstock","16":"shipping-taxable","17":"purchasable","18":"product-type-simple"},"_links":{"self":[{"href":"https:\/\/ofertasimportadas.cl\/index.php\/wp-json\/wp\/v2\/product\/7719","targetHints":{"allow":["GET"]}}],"collection":[{"href":"https:\/\/ofertasimportadas.cl\/index.php\/wp-json\/wp\/v2\/product"}],"about":[{"href":"https:\/\/ofertasimportadas.cl\/index.php\/wp-json\/wp\/v2\/types\/product"}],"replies":[{"embeddable":true,"href":"https:\/\/ofertasimportadas.cl\/index.php\/wp-json\/wp\/v2\/comments?post=7719"}],"wp:featuredmedia":[{"embeddable":true,"href":"https:\/\/ofertasimportadas.cl\/index.php\/wp-json\/wp\/v2\/media\/9072"}],"wp:attachment":[{"href":"https:\/\/ofertasimportadas.cl\/index.php\/wp-json\/wp\/v2\/media?parent=7719"}],"wp:term":[{"taxonomy":"product_brand","embeddable":true,"href":"https:\/\/ofertasimportadas.cl\/index.php\/wp-json\/wp\/v2\/product_brand?post=7719"},{"taxonomy":"product_cat","embeddable":true,"href":"https:\/\/ofertasimportadas.cl\/index.php\/wp-json\/wp\/v2\/product_cat?post=7719"},{"taxonomy":"product_tag","embeddable":true,"href":"https:\/\/ofertasimportadas.cl\/index.php\/wp-json\/wp\/v2\/product_tag?post=7719"}],"curies":[{"name":"wp","href":"https:\/\/api.w.org\/{rel}","templated":true}]}}