{"id":7832,"date":"2025-01-03T21:07:20","date_gmt":"2025-01-04T00:07:20","guid":{"rendered":"https:\/\/ofertasimportadas.cl\/?post_type=product&#038;p=7832"},"modified":"2025-09-14T20:49:55","modified_gmt":"2025-09-14T23:49:55","slug":"zinc-natures-bounty-400-tabletas","status":"publish","type":"product","link":"https:\/\/ofertasimportadas.cl\/index.php\/producto\/zinc-natures-bounty-400-tabletas\/","title":{"rendered":"Zinc NATURE\u2019S BOUNTY 400 tabletas"},"content":{"rendered":"<p><b>Apoya la funci\u00f3n del sistema inmunol\u00f3gico *. El zinc tambi\u00e9n puede funcionar como un antioxidante en el cuerpo, contribuir a la salud de la piel y los huesos y ayudar en la formaci\u00f3n de ADN. * Como un componente de la enzima col\u00e1geno, zinc Nature\u2019s Bounty se ha estudiado cl\u00ednicamente por su contribuci\u00f3n a la salud de la piel.<\/b><\/p>\n<p>&nbsp;<\/p>\n<p><b>Sin OMG, sin colorantes artificiales, sin saborizantes artificiales, sin edulcorantes artificiales, sin az\u00facar, sin almid\u00f3n, sin leche, sin lactosa, sin soja, sin gluten, sin trigo, sin levadura, sin pescado. Libre de sodio. Apto para vegetarianos. 50 a\u00f1os de calidad confiable.<\/b><\/p>\n<p><b>En Nature\u2019s Bounty, estamos comprometidos con su salud. Durante 50 a\u00f1os hemos estado fabricando productos confiables, respaldados por la ciencia y elaborados solo con los ingredientes m\u00e1s puros \u2026 garantizados. Para que pueda aprovechar al m\u00e1ximo la vida todos los d\u00edas.<\/b><\/p>\n<ul>\n<li aria-level=\"1\">Calidad garantizada<\/li>\n<li aria-level=\"1\">Probado en laboratorio<\/li>\n<\/ul>\n<h3><b>Dosis<\/b><\/h3>\n<p>Instrucciones: Para adultos, tome una (1) c\u00e1psula al d\u00eda, preferiblemente con una comida.<\/p>\n<h3><b>Instrucciones<\/b><\/h3>\n<p>ADVERTENCIA: Si est\u00e1 embarazada, amamantando, tomando alg\u00fan medicamento o tiene alguna condici\u00f3n m\u00e9dica, consulte a su m\u00e9dico antes de usar. Suspenda su uso y consulte a su m\u00e9dico si se produce alguna reacci\u00f3n adversa. Mantener fuera del alcance de los ni\u00f1os. Almacenar a temperatura ambiente. No lo use si el sello debajo de la tapa est\u00e1 roto o falta<\/p>\n","protected":false},"excerpt":{"rendered":"<p>Apoya la funci\u00f3n del sistema inmunol\u00f3gico *. El zinc tambi\u00e9n puede funcionar como un antioxidante en el cuerpo, contribuir a la salud de la piel y<span class=\"excerpt-hellip\"> [\u2026]<\/span><\/p>\n","protected":false},"featured_media":7833,"comment_status":"open","ping_status":"closed","template":"","meta":{"_joinchat":[]},"product_brand":[],"product_cat":[15],"product_tag":[],"class_list":{"0":"post-7832","1":"product","2":"type-product","3":"status-publish","4":"has-post-thumbnail","6":"product_cat-sin-categoria","8":"first","9":"outofstock","10":"virtual","11":"purchasable","12":"product-type-simple"},"_links":{"self":[{"href":"https:\/\/ofertasimportadas.cl\/index.php\/wp-json\/wp\/v2\/product\/7832","targetHints":{"allow":["GET"]}}],"collection":[{"href":"https:\/\/ofertasimportadas.cl\/index.php\/wp-json\/wp\/v2\/product"}],"about":[{"href":"https:\/\/ofertasimportadas.cl\/index.php\/wp-json\/wp\/v2\/types\/product"}],"replies":[{"embeddable":true,"href":"https:\/\/ofertasimportadas.cl\/index.php\/wp-json\/wp\/v2\/comments?post=7832"}],"wp:featuredmedia":[{"embeddable":true,"href":"https:\/\/ofertasimportadas.cl\/index.php\/wp-json\/wp\/v2\/media\/7833"}],"wp:attachment":[{"href":"https:\/\/ofertasimportadas.cl\/index.php\/wp-json\/wp\/v2\/media?parent=7832"}],"wp:term":[{"taxonomy":"product_brand","embeddable":true,"href":"https:\/\/ofertasimportadas.cl\/index.php\/wp-json\/wp\/v2\/product_brand?post=7832"},{"taxonomy":"product_cat","embeddable":true,"href":"https:\/\/ofertasimportadas.cl\/index.php\/wp-json\/wp\/v2\/product_cat?post=7832"},{"taxonomy":"product_tag","embeddable":true,"href":"https:\/\/ofertasimportadas.cl\/index.php\/wp-json\/wp\/v2\/product_tag?post=7832"}],"curies":[{"name":"wp","href":"https:\/\/api.w.org\/{rel}","templated":true}]}}