{"id":7926,"date":"2025-01-08T17:03:50","date_gmt":"2025-01-08T20:03:50","guid":{"rendered":"https:\/\/ofertasimportadas.cl\/?post_type=product&#038;p=7926"},"modified":"2025-07-24T19:09:34","modified_gmt":"2025-07-24T22:09:34","slug":"gomitas-para-dormir-sin-melatonina-soothing-night-natrol","status":"publish","type":"product","link":"https:\/\/ofertasimportadas.cl\/index.php\/producto\/gomitas-para-dormir-sin-melatonina-soothing-night-natrol\/","title":{"rendered":"Gomitas para dormir SIN melatonina Soothing Night NATROL"},"content":{"rendered":"<p>&nbsp;<\/p>\n<div style=\"width: 1220px;\" class=\"wp-video\"><video class=\"wp-video-shortcode\" id=\"video-7926-1\" width=\"1220\" height=\"686\" preload=\"metadata\" controls=\"controls\"><source type=\"video\/mp4\" src=\"https:\/\/ofertasimportadas.cl\/wp-content\/uploads\/2025\/01\/GUEST_29a46c23-933a-43e2-af8a-0eaeba594f18_Flash9_Autox720p_2600k.mp4?_=1\" \/><a href=\"https:\/\/ofertasimportadas.cl\/wp-content\/uploads\/2025\/01\/GUEST_29a46c23-933a-43e2-af8a-0eaeba594f18_Flash9_Autox720p_2600k.mp4\">https:\/\/ofertasimportadas.cl\/wp-content\/uploads\/2025\/01\/GUEST_29a46c23-933a-43e2-af8a-0eaeba594f18_Flash9_Autox720p_2600k.mp4<\/a><\/video><\/div>\n<p>Las gomitas para dormir de ar\u00e1ndanos Natrol\u00ae Soothing Night\u00a0\u00ae ayudan a reducir el estr\u00e9s y la ansiedad ocasionales a la hora de dormir.<\/p>\n<p>Estas gomitas NO contienen melatonina y, en cambio, est\u00e1n hechas con ashwagandha y una mezcla bot\u00e1nica que incluye manzanilla, lavanda y melisa.<\/p>\n<p>&nbsp;<\/p>\n<p>Este suplemento 100 % libre de f\u00e1rmacos y melatonina promueve un sue\u00f1o m\u00e1s prolongado y mejor.<\/p>\n<p>&nbsp;<\/p>\n<p>Las gomitas de ar\u00e1ndanos Natrol Soothing Night\u00ae ayudan a reducir el estr\u00e9s y la ansiedad ocasionales para calmar la mente y el cuerpo y lograr un sue\u00f1o m\u00e1s prolongado y reparador.\u2020 Qu\u00e9 contiene:<\/p>\n<ul>\n<li class=\"body3\">Ashwagandha (KSM-66\u00ae): ayuda a controlar los niveles de cortisol (tambi\u00e9n conocida como la hormona del estr\u00e9s), reduce los efectos del estr\u00e9s y mejora la calidad del sue\u00f1o con el tiempo (resultados \u00f3ptimos despu\u00e9s del uso diario durante 8 semanas).\u2020<\/li>\n<li class=\"body3\">Mezcla bot\u00e1nica de manzanilla, lavanda y melisa. Este producto es \u00fatil para el insomnio ocasional.\u2020 Estas gomitas de ar\u00e1ndanos y otros sabores naturales est\u00e1n hechas con ingredientes limpios:<\/li>\n<li class=\"body3\">Sin OGM<\/li>\n<li class=\"body3\">Sin sabores artificiales<\/li>\n<li class=\"body3\">Sin edulcorantes artificiales<\/li>\n<li class=\"body3\">Sin colorantes sint\u00e9ticos<\/li>\n<li class=\"body3\">Vegetariano y sin gelatina.<\/li>\n<li class=\"body3\">100% libre de drogas<\/li>\n<\/ul>\n<p>SIN AL\u00c9RGENOS: Leche, Huevo, Pescado, Mariscos Crust\u00e1ceos, Frutos Secos, Cacahuetes, Trigo, Soja, S\u00e9samo<\/p>\n<p>Natrol utiliza az\u00facar de ca\u00f1a y jarabe de tapioca, que son edulcorantes naturales. Natrol no utiliza edulcorantes artificiales.<\/p>\n<div class=\"flex gap-5\">\n<p><button class=\"font-black w-full text-left h5 text-light-mode-text dark:text-dark-mode-text\">\u00bfPor qu\u00e9 hay alguna variaci\u00f3n de color en mis gomitas desde que las compr\u00e9 por primera vez?<\/button><\/p>\n<div class=\"flex-none\">\n<div class=\"flex justify-center items-center w-[27px] h-[27px] md:w-[40px] md:h-[40px] rounded text-white cursor-pointer bg-lightPurple\">+Dado que Natrol solo utiliza colorantes naturales derivados de frutas y verduras, los colores pueden cambiar con el tiempo. Esta variaci\u00f3n de color es natural y no afectar\u00e1 los nutrientes, que est\u00e1n garantizados hasta la fecha de vencimiento.<\/div>\n<div class=\"flex justify-center items-center w-[27px] h-[27px] md:w-[40px] md:h-[40px] rounded text-white cursor-pointer bg-lightPurple\">\n<div class=\"flex gap-5\">\n<p><button class=\"font-black w-full text-left h5 text-brandPurple dark:text-white\">\u00bfLas gomitas calmantes de noche de Natrol son vegetarianas?<\/button><\/p>\n<div class=\"flex-none\">\n<div class=\"flex justify-center items-center w-[27px] h-[27px] md:w-[40px] md:h-[40px] rounded text-white cursor-pointer bg-lightPurple dark:bg-white dark:text-light-mode-alt-text\"><\/div>\n<\/div>\n<\/div>\n<div class=\"body2 font-normal text-lightPurple dark:text-dark-mode-text pt-3 pb-0 md:pb-8 pr-0 lg:pr-16 rte\">+S\u00ed, las gomitas calmantes de noche de Natrol son vegetarianas y no contienen gelatina.<\/div>\n<div><\/div>\n<\/div>\n<div>\n<div class=\"flex gap-5\">\n<p><button class=\"font-black w-full text-left h5 text-light-mode-text dark:text-dark-mode-text\">\u00bfHay trigo en las gomitas calmantes de noche de Natrol?<\/button><\/p>\n<div class=\"flex-none\">\n<div class=\"flex justify-center items-center w-[27px] h-[27px] md:w-[40px] md:h-[40px] rounded text-white cursor-pointer bg-lightPurple\">+Las gomitas calmantes de noche de Natrol no contienen trigo.<\/div>\n<\/div>\n<\/div>\n<\/div>\n<\/div>\n<\/div>\n","protected":false},"excerpt":{"rendered":"<p>&nbsp; Las gomitas para dormir de ar\u00e1ndanos Natrol\u00ae Soothing Night\u00a0\u00ae ayudan a reducir el estr\u00e9s y la ansiedad ocasionales a la hora de dormir. Estas gomitas<span class=\"excerpt-hellip\"> [\u2026]<\/span><\/p>\n","protected":false},"featured_media":7929,"comment_status":"open","ping_status":"closed","template":"","meta":{"_joinchat":[]},"product_brand":[],"product_cat":[15],"product_tag":[],"class_list":{"0":"post-7926","1":"product","2":"type-product","3":"status-publish","4":"has-post-thumbnail","6":"product_cat-sin-categoria","8":"first","9":"outofstock","10":"shipping-taxable","11":"purchasable","12":"product-type-simple"},"_links":{"self":[{"href":"https:\/\/ofertasimportadas.cl\/index.php\/wp-json\/wp\/v2\/product\/7926","targetHints":{"allow":["GET"]}}],"collection":[{"href":"https:\/\/ofertasimportadas.cl\/index.php\/wp-json\/wp\/v2\/product"}],"about":[{"href":"https:\/\/ofertasimportadas.cl\/index.php\/wp-json\/wp\/v2\/types\/product"}],"replies":[{"embeddable":true,"href":"https:\/\/ofertasimportadas.cl\/index.php\/wp-json\/wp\/v2\/comments?post=7926"}],"wp:featuredmedia":[{"embeddable":true,"href":"https:\/\/ofertasimportadas.cl\/index.php\/wp-json\/wp\/v2\/media\/7929"}],"wp:attachment":[{"href":"https:\/\/ofertasimportadas.cl\/index.php\/wp-json\/wp\/v2\/media?parent=7926"}],"wp:term":[{"taxonomy":"product_brand","embeddable":true,"href":"https:\/\/ofertasimportadas.cl\/index.php\/wp-json\/wp\/v2\/product_brand?post=7926"},{"taxonomy":"product_cat","embeddable":true,"href":"https:\/\/ofertasimportadas.cl\/index.php\/wp-json\/wp\/v2\/product_cat?post=7926"},{"taxonomy":"product_tag","embeddable":true,"href":"https:\/\/ofertasimportadas.cl\/index.php\/wp-json\/wp\/v2\/product_tag?post=7926"}],"curies":[{"name":"wp","href":"https:\/\/api.w.org\/{rel}","templated":true}]}}