{"id":8052,"date":"2025-01-30T10:10:11","date_gmt":"2025-01-30T13:10:11","guid":{"rendered":"https:\/\/ofertasimportadas.cl\/?post_type=product&#038;p=8052"},"modified":"2026-05-10T00:20:11","modified_gmt":"2026-05-10T03:20:11","slug":"melatonina-spring-valley-kids-120-gomitas","status":"publish","type":"product","link":"https:\/\/ofertasimportadas.cl\/index.php\/producto\/melatonina-spring-valley-kids-120-gomitas\/","title":{"rendered":"Melatonina Spring Valley kids 120 gomitas"},"content":{"rendered":"<div class=\"mb3\">\n<div class=\"dangerous-html mb3\">\n<p>Estas gomitas son una manera f\u00e1cil de ayudar a los ni\u00f1os a obtener el apoyo para dormir que necesitan. Cada gomita proporciona un miligramo de melatonina, un compuesto natural que es producido por el cuerpo que ayuda a regular los patrones de sue\u00f1o \/ vigilia y promueve el sue\u00f1o reparador. Tienen un sabor natural a mora y frambuesa, son vegetarianas, sin az\u00facar y sin drogas.<\/p>\n<p>Los ni\u00f1os de dos a\u00f1os de edad y mayores deben tomar una gomita antes o a la hora de acostarse para ayudar a promover los patrones normales de sue\u00f1o. Puede estar seguro de que estas gomitas se producen con estrictas pautas de calidad y est\u00e1n respaldadas por nuestra garant\u00eda de calidad. Ayude a sus hijos a dormir mejor con el suplemento diet\u00e9tico Spring Valley sin az\u00facar Kids Melatonina Sleep Support Gomitas.<\/p>\n<p>Spring Valley entiende que vivir un estilo de vida saludable y equilibrado es la clave para ser el mejor de los dos. Con una gama de productos inspirados en la naturaleza, Spring Valley apoya su salud y el bienestar hol\u00edstico de su familia.<\/p>\n<\/div>\n<\/div>\n<div class=\"mb3\">\n<div class=\"dangerous-html mb3\">\n<ul>\n<li>Melatonina en gomitas Spring Valley sin az\u00facar Kids, frambuesa y Blackberry, 1 mg, 120 unidad<\/li>\n<li>Apoyo para el sue\u00f1o: suplemento diet\u00e9tico para ni\u00f1os de 2 a\u00f1os de edad en adelante<\/li>\n<li>1 mg de melatonina por gomita<\/li>\n<li>Cero az\u00facar y f\u00f3rmula vegetariana<\/li>\n<li>Deliciosos sabores naturales de mora y frambuesa con otros sabores naturales<\/li>\n<li>Sin gluten, colorantes sint\u00e9ticos, sabores artificiales, jarabe de ma\u00edz de alta fructosa, soja o lactosa<\/li>\n<li>1 gomita justo antes o a la hora de acostarse<\/li>\n<li>120 gomitas por botella, 4 meses de suministro<\/li>\n<\/ul>\n<\/div>\n<\/div>\n","protected":false},"excerpt":{"rendered":"<p>Estas gomitas son una manera f\u00e1cil de ayudar a los ni\u00f1os a obtener el apoyo para dormir que necesitan. Cada gomita proporciona un miligramo de melatonina,<span class=\"excerpt-hellip\"> [\u2026]<\/span><\/p>\n","protected":false},"featured_media":9350,"comment_status":"open","ping_status":"closed","template":"","meta":{"_joinchat":[]},"product_brand":[],"product_cat":[98,90,101,91],"product_tag":[],"class_list":{"0":"post-8052","1":"product","2":"type-product","3":"status-publish","4":"has-post-thumbnail","6":"product_cat-melatonina-vitaminas-ninos","7":"product_cat-ninos","8":"product_cat-todos-los-productos","9":"product_cat-vitaminas-ninos","11":"first","12":"instock","13":"shipping-taxable","14":"purchasable","15":"product-type-simple"},"_links":{"self":[{"href":"https:\/\/ofertasimportadas.cl\/index.php\/wp-json\/wp\/v2\/product\/8052","targetHints":{"allow":["GET"]}}],"collection":[{"href":"https:\/\/ofertasimportadas.cl\/index.php\/wp-json\/wp\/v2\/product"}],"about":[{"href":"https:\/\/ofertasimportadas.cl\/index.php\/wp-json\/wp\/v2\/types\/product"}],"replies":[{"embeddable":true,"href":"https:\/\/ofertasimportadas.cl\/index.php\/wp-json\/wp\/v2\/comments?post=8052"}],"wp:featuredmedia":[{"embeddable":true,"href":"https:\/\/ofertasimportadas.cl\/index.php\/wp-json\/wp\/v2\/media\/9350"}],"wp:attachment":[{"href":"https:\/\/ofertasimportadas.cl\/index.php\/wp-json\/wp\/v2\/media?parent=8052"}],"wp:term":[{"taxonomy":"product_brand","embeddable":true,"href":"https:\/\/ofertasimportadas.cl\/index.php\/wp-json\/wp\/v2\/product_brand?post=8052"},{"taxonomy":"product_cat","embeddable":true,"href":"https:\/\/ofertasimportadas.cl\/index.php\/wp-json\/wp\/v2\/product_cat?post=8052"},{"taxonomy":"product_tag","embeddable":true,"href":"https:\/\/ofertasimportadas.cl\/index.php\/wp-json\/wp\/v2\/product_tag?post=8052"}],"curies":[{"name":"wp","href":"https:\/\/api.w.org\/{rel}","templated":true}]}}