{"id":8085,"date":"2025-02-03T13:52:23","date_gmt":"2025-02-03T16:52:23","guid":{"rendered":"https:\/\/ofertasimportadas.cl\/?post_type=product&#038;p=8085"},"modified":"2025-03-20T09:34:11","modified_gmt":"2025-03-20T12:34:11","slug":"centrum-silver-women-50-anos-200-tabletas","status":"publish","type":"product","link":"https:\/\/ofertasimportadas.cl\/index.php\/producto\/centrum-silver-women-50-anos-200-tabletas\/","title":{"rendered":"CENTRUM Silver Women +50 a\u00f1os 200 Tabletas"},"content":{"rendered":"<p><b>Centrum Silver Women\u2019s Multivitamin for Women +50 le ofrece un suplemento multivitam\u00ednico y multimineral personalizado que contiene micronutrientes para ayudar a respaldar el bienestar de todo el cuerpo. <\/b><\/p>\n<p><b>Este multivitam\u00ednico contiene nutrientes esenciales, que incluyen vitamina D y calcio para fortalecer los huesos y vitaminas B para ayudar a promover la salud del coraz\u00f3n. Este multivitam\u00ednico para mujeres mayores de 50 a\u00f1os tambi\u00e9n contiene zinc y vitaminas B para ayudar a mantener la funci\u00f3n normal del cerebro y vitaminas A, C y E para la salud ocular. <\/b><\/p>\n<p><b>Los micronutrientes clave en estos multivitam\u00ednicos para mujeres mayores de 50 a\u00f1os con suplementos de zinc ayudan a llenar los vac\u00edos nutricionales para promover el bienestar y la vitalidad en general . Estas vitaminas para mujeres con hierro est\u00e1n verificadas como No OGM (y sin gluten. <\/b><\/p>\n<p><b>Estas tabletas tienen una capa suave que facilita la ingesti\u00f3n. Simplemente tome una vitamina para la salud \u00f3sea al d\u00eda para proporcionarle a su cuerpo vitaminas y minerales esenciales. Ayude a apoyar el bienestar de todo el cuerpo con Centrum, la marca n\u00famero 1 recomendada por m\u00e9dicos y farmac\u00e9uticos.<\/b><\/p>\n<p>&nbsp;<\/p>\n<ul>\n<li aria-level=\"1\">Multivitaminas para mujeres Centrum Silver +50 con vitamina D3, vitaminas B, calcio, vitaminas antioxidantes C, E y betacaroteno y zinc<\/li>\n<li aria-level=\"1\">Suplemento multivitam\u00ednico \/ multimineral especialmente formulado que respalda el coraz\u00f3n, el cerebro, los ojos y la salud general de las mujeres mayores de 50 a\u00f1os (1, 2)<\/li>\n<li aria-level=\"1\">Multivitam\u00ednico para mujeres mayores de 50 a\u00f1os que contiene micronutrientes como Vitaminas B, Vitamina D3 y Zinc que ayudan a mantener el bienestar (1)<\/li>\n<li aria-level=\"1\">Multivitaminas para mujeres con hierro que ayudan a mantener la salud inmunol\u00f3gica, la salud \u00f3sea y la funci\u00f3n muscular con vitamina D (1)<\/li>\n<li aria-level=\"1\">Multivitaminas que no contienen OGM ni gluten (1, 3)<\/li>\n<li aria-level=\"1\">Multivitam\u00ednicos para mujeres mayores que vienen en tabletas f\u00e1ciles de tragar<\/li>\n<li aria-level=\"1\">Tome uno de estos multivitam\u00ednicos para mujeres mayores de 50 todos los d\u00edas para proporcionar nutrientes para mantener un cuerpo sano (1)<\/li>\n<\/ul>\n<h3><b>Dosis<\/b><\/h3>\n<p>1 tableta<\/p>\n<h3><b>Instrucciones<\/b><\/h3>\n<ul>\n<li aria-level=\"1\">Adultos: tomar una (1) tableta al d\u00eda con comida. No formulado para su uso en ni\u00f1os. No exceda el uso sugerido.<\/li>\n<\/ul>\n","protected":false},"excerpt":{"rendered":"<p>Centrum Silver Women\u2019s Multivitamin for Women +50 le ofrece un suplemento multivitam\u00ednico y multimineral personalizado que contiene micronutrientes para ayudar a respaldar el bienestar de todo<span class=\"excerpt-hellip\"> [\u2026]<\/span><\/p>\n","protected":false},"featured_media":8087,"comment_status":"open","ping_status":"closed","template":"","meta":{"_joinchat":[]},"product_brand":[],"product_cat":[15],"product_tag":[],"class_list":{"0":"post-8085","1":"product","2":"type-product","3":"status-publish","4":"has-post-thumbnail","6":"product_cat-sin-categoria","8":"first","9":"outofstock","10":"shipping-taxable","11":"purchasable","12":"product-type-simple"},"_links":{"self":[{"href":"https:\/\/ofertasimportadas.cl\/index.php\/wp-json\/wp\/v2\/product\/8085","targetHints":{"allow":["GET"]}}],"collection":[{"href":"https:\/\/ofertasimportadas.cl\/index.php\/wp-json\/wp\/v2\/product"}],"about":[{"href":"https:\/\/ofertasimportadas.cl\/index.php\/wp-json\/wp\/v2\/types\/product"}],"replies":[{"embeddable":true,"href":"https:\/\/ofertasimportadas.cl\/index.php\/wp-json\/wp\/v2\/comments?post=8085"}],"wp:featuredmedia":[{"embeddable":true,"href":"https:\/\/ofertasimportadas.cl\/index.php\/wp-json\/wp\/v2\/media\/8087"}],"wp:attachment":[{"href":"https:\/\/ofertasimportadas.cl\/index.php\/wp-json\/wp\/v2\/media?parent=8085"}],"wp:term":[{"taxonomy":"product_brand","embeddable":true,"href":"https:\/\/ofertasimportadas.cl\/index.php\/wp-json\/wp\/v2\/product_brand?post=8085"},{"taxonomy":"product_cat","embeddable":true,"href":"https:\/\/ofertasimportadas.cl\/index.php\/wp-json\/wp\/v2\/product_cat?post=8085"},{"taxonomy":"product_tag","embeddable":true,"href":"https:\/\/ofertasimportadas.cl\/index.php\/wp-json\/wp\/v2\/product_tag?post=8085"}],"curies":[{"name":"wp","href":"https:\/\/api.w.org\/{rel}","templated":true}]}}