{"id":8309,"date":"2025-03-12T23:30:40","date_gmt":"2025-03-13T02:30:40","guid":{"rendered":"https:\/\/ofertasimportadas.cl\/?post_type=product&#038;p=8309"},"modified":"2025-11-18T15:52:14","modified_gmt":"2025-11-18T18:52:14","slug":"melatonina-5mg-140-gomitas","status":"publish","type":"product","link":"https:\/\/ofertasimportadas.cl\/index.php\/producto\/melatonina-5mg-140-gomitas\/","title":{"rendered":"Melatonina 5mg 140 Gomitas"},"content":{"rendered":"<div class=\"expand-collapse-header flex justify-between items-center w-100\">\n<h3 class=\"w-100 ma0 pa3 f5 lh-copy normal\">Detalles del producto<\/h3>\n<div class=\"pr3\"><\/div>\n<\/div>\n<div class=\"w_rNem expand-collapse-content\" data-testid=\"ui-collapse-panel\">\n<div class=\"ph3 pb4 pt1\">\n<div class=\"nb3\" data-testid=\"product-description-content\">\n<div class=\"mb3\">\n<div class=\"dangerous-html mb3\">Las gomitas de Natrol\u00ae melatonina de 5 mg son un apoyo para el sue\u00f1o en adultos y ofrecen una opci\u00f3n conveniente y f\u00e1cil de tomar para ayudar con el insomnio ocasional . * Esta ayuda para dormir de melatonina est\u00e1 100% libre de medicamentos, elaborada con ingredientes limpios, sin colorantes sint\u00e9ticos, saborizantes ni edulcorantes artificiales. Cada gomita para dormir de melatonina, vegetariana, sin OGM y sin gelatina, excluye los al\u00e9rgenos alimentarios comunes. Factores como el estr\u00e9s y el tiempo frente a una pantalla antes de acostarse pueden interrumpir la producci\u00f3n de melatonina y perturbar el sue\u00f1o. Los suplementos Natrol\u00ae melatonina para dormir ofrecen 5 mg de melatonina 99% puro por porci\u00f3n, lo que proporciona el apoyo para dormir que necesita para conciliar el sue\u00f1o m\u00e1s r\u00e1pido y permanecer dormido por m\u00e1s tiempo. * La f\u00f3rmula a base de pectina de Natrol\u00ae y su delicioso sabor a fresa hacen que estas gomitas sean m\u00e1s f\u00e1ciles de masticar que las gomitas de gelatina est\u00e1ndar.<\/div>\n<div class=\"dangerous-html mb3\">Adultos, tomar una gomita 30 minutos antes de acostarse.<\/div>\n<div class=\"dangerous-html mb3\">Natrol\u00ae se dedica a crear productos innovadores y de calidad para ayudarle a mantener una buena salud y prosperar en su estilo de vida moderno y ajetreado.<\/div>\n<div class=\"dangerous-html mb3\">*Estas declaraciones no han sido evaluadas por la Administraci\u00f3n de Alimentos y Medicamentos. Este producto no est\u00e1 destinado a diagnosticar, tratar, curar o prevenir ninguna enfermedad.<\/div>\n<\/div>\n<div class=\"mb3\">\n<div class=\"dangerous-html mb3\">\n<ul>\n<li>Un frasco de 140 gomitas con sabor a fresa de 5 mg de Natrol\u00ae Melatonin Sleep Support* para adultos, para un suministro de 140 d\u00edas<\/li>\n<li>Estas gomitas melatonin para adultos son vegetarianas, sin gelatina y sin OGM; libres de saborizantes artificiales, edulcorantes o colorantes sint\u00e9ticos.<\/li>\n<li>Estas gomitas Melatonin para adultos a base de pectina son menos pegajosas y m\u00e1s f\u00e1ciles de masticar que las gomitas de gelatina est\u00e1ndar, lo que las hace f\u00e1ciles de tomar.<\/li>\n<li>Adultos, tomar una gomita 30 minutos antes de acostarse para dormir mejor*<\/li>\n<li>*Estas declaraciones no han sido evaluadas por la Administraci\u00f3n de Alimentos y Medicamentos; este producto no est\u00e1 destinado a diagnosticar, tratar, curar o prevenir ninguna enfermedad.<\/li>\n<\/ul>\n<\/div>\n<\/div>\n<div class=\"w_LDl2 w_ISLy bn bg-transparent dark-gray pa0 sans-serif mb3 lh-copy\">\n<p><span class=\"w__zJP\"><span class=\"w_iUH7\">informaci\u00f3n:<\/span><\/span><\/p>\n<div class=\"w_2NhK\">\n<div><span class=\"b\">Nuestro objetivo es mostrarte informaci\u00f3n precisa sobre los productos.\u00a0<\/span>La informaci\u00f3n que ves aqu\u00ed es proporcionada por fabricantes, proveedores y otros, y no ha sido confirmada por nosotros.\u00a0\u00a0<button class=\"underline pointer b--none bg-transparent sans-serif dark-gray ph0\" type=\"button\" aria-label=\"Consulta nuestro aviso legal\">Consulta nuestro aviso legal<\/button><\/div>\n<\/div>\n<\/div>\n<\/div>\n<\/div>\n<\/div>\n","protected":false},"excerpt":{"rendered":"<p>Detalles del producto Las gomitas de Natrol\u00ae melatonina de 5 mg son un apoyo para el sue\u00f1o en adultos y ofrecen una opci\u00f3n conveniente y f\u00e1cil<span class=\"excerpt-hellip\"> [\u2026]<\/span><\/p>\n","protected":false},"featured_media":8310,"comment_status":"open","ping_status":"closed","template":"","meta":{"_joinchat":[]},"product_brand":[],"product_cat":[15],"product_tag":[],"class_list":{"0":"post-8309","1":"product","2":"type-product","3":"status-publish","4":"has-post-thumbnail","6":"product_cat-sin-categoria","8":"first","9":"outofstock","10":"shipping-taxable","11":"purchasable","12":"product-type-simple"},"_links":{"self":[{"href":"https:\/\/ofertasimportadas.cl\/index.php\/wp-json\/wp\/v2\/product\/8309","targetHints":{"allow":["GET"]}}],"collection":[{"href":"https:\/\/ofertasimportadas.cl\/index.php\/wp-json\/wp\/v2\/product"}],"about":[{"href":"https:\/\/ofertasimportadas.cl\/index.php\/wp-json\/wp\/v2\/types\/product"}],"replies":[{"embeddable":true,"href":"https:\/\/ofertasimportadas.cl\/index.php\/wp-json\/wp\/v2\/comments?post=8309"}],"wp:featuredmedia":[{"embeddable":true,"href":"https:\/\/ofertasimportadas.cl\/index.php\/wp-json\/wp\/v2\/media\/8310"}],"wp:attachment":[{"href":"https:\/\/ofertasimportadas.cl\/index.php\/wp-json\/wp\/v2\/media?parent=8309"}],"wp:term":[{"taxonomy":"product_brand","embeddable":true,"href":"https:\/\/ofertasimportadas.cl\/index.php\/wp-json\/wp\/v2\/product_brand?post=8309"},{"taxonomy":"product_cat","embeddable":true,"href":"https:\/\/ofertasimportadas.cl\/index.php\/wp-json\/wp\/v2\/product_cat?post=8309"},{"taxonomy":"product_tag","embeddable":true,"href":"https:\/\/ofertasimportadas.cl\/index.php\/wp-json\/wp\/v2\/product_tag?post=8309"}],"curies":[{"name":"wp","href":"https:\/\/api.w.org\/{rel}","templated":true}]}}