{"id":8335,"date":"2025-03-16T22:25:41","date_gmt":"2025-03-17T01:25:41","guid":{"rendered":"https:\/\/ofertasimportadas.cl\/?post_type=product&#038;p=8335"},"modified":"2026-03-23T18:51:37","modified_gmt":"2026-03-23T21:51:37","slug":"centrum-silver-men-50-anos-65-tabletas","status":"publish","type":"product","link":"https:\/\/ofertasimportadas.cl\/index.php\/producto\/centrum-silver-men-50-anos-65-tabletas\/","title":{"rendered":"CENTRUM Silver Men +50 a\u00f1os 65 Tabletas"},"content":{"rendered":"<div class=\"mb3\">\n<div class=\"dangerous-html mb3\">\n<div>\n<h2>Multivitam\u00ednicos para hombres de 50 a\u00f1os o m\u00e1s<\/h2>\n<p>Centrum Silver Multivitamins para hombres mayores de 50 a\u00f1os le ofrece un suplemento multivitam\u00ednico\/multimineral personalizado que contiene micronutrientes para ayudar a mantener el bienestar de todo el cuerpo, desde la vitamina A hasta el zinc (1). Este multivitam\u00ednico contiene nutrientes esenciales, que incluyen vitamina D y magnesio para ayudar a mantener la salud muscular, vitaminas B para ayudar a promover la salud del coraz\u00f3n, zinc para ayudar a mantener el funcionamiento normal del cerebro, lute\u00edna y vitaminas A, C y E para mantener la salud de los ojos (1, 2, 3). Los micronutrientes clave presentes en estas vitaminas para hombres ayudan a llenar los vac\u00edos nutricionales para promover el bienestar y la vitalidad general (1). Este multivitam\u00ednico s\u00e9nior para hombres es un multivitam\u00ednico verificado, sin OGM (4) y sin gluten, que se adapta a una variedad de preferencias diet\u00e9ticas. Las tabletas multivitam\u00ednicas para hombres Centrum Silver cuentan con un recubrimiento suave que hace que estas multivitaminas sean f\u00e1ciles de tragar. Simplemente tome una de estas vitaminas diariamente para proporcionar a su cuerpo vitaminas y minerales claves. Ayude a mantener el bienestar de todo el cuerpo (1) con Centrum, la marca n\u00famero 1 recomendada por m\u00e9dicos y farmac\u00e9uticos.<\/p>\n<p>(1) Estas declaraciones no han sido evaluadas por la Administraci\u00f3n de Alimentos y Medicamentos. Este producto no est\u00e1 destinado a diagnosticar, tratar, curar o prevenir ninguna enfermedad. (2) No sustituye a los medicamentos para reducir el colesterol. (3) Este producto no est\u00e1 destinado a proporcionar la ingesta diaria de lute\u00edna. Tomar con una dieta rica en frutas y verduras (4) El t\u00e9rmino \u00abNo GMO\u00bb se aplica \u00fanicamente a las tabletas Centrum y Centrum Silver; obtenga m\u00e1s informaci\u00f3n en el sitio web oficial de Centrum<\/p>\n<\/div>\n<\/div>\n<\/div>\n<div class=\"mb3\">\n<div class=\"dangerous-html mb3\">\n<ul>\n<li>Un frasco de 65 unidades de Centrum Silver Multivitamin for Men 50 Plus,\u00a0 multivitam\u00ednico\/multimineral con vitamina D3, vitaminas B y zinc<\/li>\n<li>Multivitam\u00ednicos multiminerales para hombres mayores de 50 a\u00f1os que son un complemento ideal para la salud ocular, card\u00edaca y cerebral (1, 2)<\/li>\n<li>Multivitam\u00ednicos para adultos mayores que contienen micronutrientes como vitaminas B, vitamina D3 y zinc que ayudan a mantener el bienestar corporal completo (1, 2)<\/li>\n<li>Multivitam\u00ednicos multiminerales para hombres mayores de 50 a\u00f1os que ayudan a mantener la salud inmunol\u00f3gica, la salud \u00f3sea y la funci\u00f3n muscular con vitamina D (1)<\/li>\n<li>Los suplementos para la salud cerebral no contienen OGM ni gluten (1, 3, 4)<\/li>\n<li>Vitaminas para la salud ocular que vienen en tabletas f\u00e1ciles de tragar.<\/li>\n<li>Tome una de estas tabletas vitam\u00ednicas para hombres todos los d\u00edas para obtener nutrientes que ayuden a mantener un cuerpo saludable (1)<\/li>\n<\/ul>\n<\/div>\n<\/div>\n<div class=\"w_LDl2 w_ISLy bn bg-transparent dark-gray pa0 sans-serif mb3 lh-copy\"><span class=\"w__zJP\"><span class=\"w_iUH7\">informaci\u00f3n:<\/span><\/span><\/p>\n<div class=\"w_2NhK\">\n<div><span class=\"b\">Nuestro objetivo es mostrarte informaci\u00f3n precisa sobre los productos.\u00a0<\/span>La informaci\u00f3n que ves aqu\u00ed es proporcionada por fabricantes, proveedores y otros, y no ha sido confirmada por nosotros.<\/div>\n<\/div>\n<\/div>\n","protected":false},"excerpt":{"rendered":"<p>Multivitam\u00ednicos para hombres de 50 a\u00f1os o m\u00e1s Centrum Silver Multivitamins para hombres mayores de 50 a\u00f1os le ofrece un suplemento multivitam\u00ednico\/multimineral personalizado que contiene micronutrientes<span class=\"excerpt-hellip\"> [\u2026]<\/span><\/p>\n","protected":false},"featured_media":8336,"comment_status":"open","ping_status":"closed","template":"","meta":{"_joinchat":[]},"product_brand":[],"product_cat":[15],"product_tag":[],"class_list":{"0":"post-8335","1":"product","2":"type-product","3":"status-publish","4":"has-post-thumbnail","6":"product_cat-sin-categoria","8":"first","9":"outofstock","10":"shipping-taxable","11":"purchasable","12":"product-type-simple"},"_links":{"self":[{"href":"https:\/\/ofertasimportadas.cl\/index.php\/wp-json\/wp\/v2\/product\/8335","targetHints":{"allow":["GET"]}}],"collection":[{"href":"https:\/\/ofertasimportadas.cl\/index.php\/wp-json\/wp\/v2\/product"}],"about":[{"href":"https:\/\/ofertasimportadas.cl\/index.php\/wp-json\/wp\/v2\/types\/product"}],"replies":[{"embeddable":true,"href":"https:\/\/ofertasimportadas.cl\/index.php\/wp-json\/wp\/v2\/comments?post=8335"}],"wp:featuredmedia":[{"embeddable":true,"href":"https:\/\/ofertasimportadas.cl\/index.php\/wp-json\/wp\/v2\/media\/8336"}],"wp:attachment":[{"href":"https:\/\/ofertasimportadas.cl\/index.php\/wp-json\/wp\/v2\/media?parent=8335"}],"wp:term":[{"taxonomy":"product_brand","embeddable":true,"href":"https:\/\/ofertasimportadas.cl\/index.php\/wp-json\/wp\/v2\/product_brand?post=8335"},{"taxonomy":"product_cat","embeddable":true,"href":"https:\/\/ofertasimportadas.cl\/index.php\/wp-json\/wp\/v2\/product_cat?post=8335"},{"taxonomy":"product_tag","embeddable":true,"href":"https:\/\/ofertasimportadas.cl\/index.php\/wp-json\/wp\/v2\/product_tag?post=8335"}],"curies":[{"name":"wp","href":"https:\/\/api.w.org\/{rel}","templated":true}]}}