{"id":8359,"date":"2025-03-20T09:51:22","date_gmt":"2025-03-20T12:51:22","guid":{"rendered":"https:\/\/ofertasimportadas.cl\/?post_type=product&#038;p=8359"},"modified":"2026-05-07T10:44:07","modified_gmt":"2026-05-07T13:44:07","slug":"melatonina-spring-valley-5mg-120-dosis","status":"publish","type":"product","link":"https:\/\/ofertasimportadas.cl\/index.php\/producto\/melatonina-spring-valley-5mg-120-dosis\/","title":{"rendered":"Melatonina SPRING VALLEY 5mg 120 dosis sabor frutilla"},"content":{"rendered":"<div class=\"expand-collapse-header flex justify-between items-center w-100\">\n<h3 class=\"w-100 ma0 pa3 f5 lh-copy normal\">Detalles del producto<\/h3>\n<div class=\"pr3\"><\/div>\n<\/div>\n<div class=\"w_rNem expand-collapse-content\" data-testid=\"ui-collapse-panel\">\n<div class=\"ph3 pb4 pt1\">\n<div class=\"nb3\" data-testid=\"product-description-content\">\n<div class=\"mb3\">\n<div class=\"dangerous-html mb3\">\n<p>Descanse tranquilo con las tabletas de suplementos diet\u00e9ticos para la salud del sue\u00f1o Spring Valley Melatonin.<\/p>\n<p>Melatonin 5mg ayuda a regular los ciclos de sue\u00f1o y vigilia y puede apoyar un sue\u00f1o m\u00e1s reparador. S\u00f3lo una porci\u00f3n por d\u00eda proporciona cinco miligramos de Melatonin, que es un compuesto natural que es producido por el cuerpo y se ha asociado con los ritmos corporales normales y los patrones de sue\u00f1o \/ vigilia.<\/p>\n<p>La porci\u00f3n para adultos sugerida es una tableta de sabor a fresa de disoluci\u00f3n r\u00e1pida, 20 minutos antes de acostarse. Estos suplementos diet\u00e9ticos no contienen gluten, trigo, leche, huevos, pescado, mariscos crust\u00e1ceos, nueces de \u00e1rbol, cacahuetes, soja o levadura. Son 100% vegetarianos y est\u00e1n libres de colorantes y conservantes artificiales. Usted puede estar seguro de que nuestro Spring Valley Melatonin Sleep Health Dietary Supplement Tablets se produce con estrictas directrices de calidad y respaldado por nuestra garant\u00eda de calidad.<\/p>\n<p>Spring Valley entiende que vivir un estilo de vida saludable y equilibrado es la clave para ser el mejor de los dos. Con una gama asequible de productos inspirados en la naturaleza, Spring Valley apoya su salud y el bienestar hol\u00edstico de su familia.<\/p>\n<\/div>\n<\/div>\n<div class=\"mb3\">\n<div class=\"dangerous-html mb3\">\n<ul>\n<li>Spring Valley Melatonin Sleep Health Tabletas de suplementos diet\u00e9ticos, Fresa, 5 mg, 120 unidades<\/li>\n<li>Apoyo para el sue\u00f1o suplemento diet\u00e9tico<\/li>\n<li>5 mg de melatonin por comprimido<\/li>\n<li>Comprimido de disoluci\u00f3n r\u00e1pida<\/li>\n<li>Sabor a fresa<\/li>\n<li>100% vegetariano<\/li>\n<li>Sin gluten, trigo, leche, huevos, pescado, mariscos crust\u00e1ceos, nueces de \u00e1rbol, cacahuetes, soja o levadura<\/li>\n<li>Sin colorantes ni conservantes artificiales<\/li>\n<li>120 comprimidos por frasco<\/li>\n<li>Estas declaraciones no han sido evaluadas por la Administraci\u00f3n de Alimentos y Medicamentos. Este producto no est\u00e1 destinado a diagnosticar, tratar, curar o prevenir ninguna enfermedad.<\/li>\n<\/ul>\n<\/div>\n<\/div>\n<div class=\"w_LDl2 w_ISLy bn bg-transparent dark-gray pa0 sans-serif mb3 lh-copy\">\n<p><span class=\"w__zJP\"><span class=\"w_iUH7\">informaci\u00f3n:<\/span><\/span><\/p>\n<div class=\"w_2NhK\">\n<div><span class=\"b\">Nuestro objetivo es mostrarte informaci\u00f3n precisa sobre los productos.\u00a0<\/span>La informaci\u00f3n que ves aqu\u00ed es proporcionada por fabricantes, proveedores y otros, y no ha sido confirmada por nosotros.<\/div>\n<\/div>\n<\/div>\n<\/div>\n<\/div>\n<\/div>\n","protected":false},"excerpt":{"rendered":"<p>Detalles del producto Descanse tranquilo con las tabletas de suplementos diet\u00e9ticos para la salud del sue\u00f1o Spring Valley Melatonin. Melatonin 5mg ayuda a regular los ciclos<span class=\"excerpt-hellip\"> [\u2026]<\/span><\/p>\n","protected":false},"featured_media":10120,"comment_status":"open","ping_status":"closed","template":"","meta":{"_joinchat":[]},"product_brand":[],"product_cat":[67,84,75,26,27,101,81,70],"product_tag":[119],"class_list":{"0":"post-8359","1":"product","2":"type-product","3":"status-publish","4":"has-post-thumbnail","6":"product_cat-destacados","7":"product_cat-melatonina-vitaminas-para-ellos","8":"product_cat-melatonina","9":"product_cat-para-ellas","10":"product_cat-para-ellos","11":"product_cat-todos-los-productos","12":"product_cat-vitaminas-para-ellos","13":"product_cat-vitaminas","14":"product_tag-melatonina","16":"first","17":"outofstock","18":"shipping-taxable","19":"purchasable","20":"product-type-simple"},"_links":{"self":[{"href":"https:\/\/ofertasimportadas.cl\/index.php\/wp-json\/wp\/v2\/product\/8359","targetHints":{"allow":["GET"]}}],"collection":[{"href":"https:\/\/ofertasimportadas.cl\/index.php\/wp-json\/wp\/v2\/product"}],"about":[{"href":"https:\/\/ofertasimportadas.cl\/index.php\/wp-json\/wp\/v2\/types\/product"}],"replies":[{"embeddable":true,"href":"https:\/\/ofertasimportadas.cl\/index.php\/wp-json\/wp\/v2\/comments?post=8359"}],"wp:featuredmedia":[{"embeddable":true,"href":"https:\/\/ofertasimportadas.cl\/index.php\/wp-json\/wp\/v2\/media\/10120"}],"wp:attachment":[{"href":"https:\/\/ofertasimportadas.cl\/index.php\/wp-json\/wp\/v2\/media?parent=8359"}],"wp:term":[{"taxonomy":"product_brand","embeddable":true,"href":"https:\/\/ofertasimportadas.cl\/index.php\/wp-json\/wp\/v2\/product_brand?post=8359"},{"taxonomy":"product_cat","embeddable":true,"href":"https:\/\/ofertasimportadas.cl\/index.php\/wp-json\/wp\/v2\/product_cat?post=8359"},{"taxonomy":"product_tag","embeddable":true,"href":"https:\/\/ofertasimportadas.cl\/index.php\/wp-json\/wp\/v2\/product_tag?post=8359"}],"curies":[{"name":"wp","href":"https:\/\/api.w.org\/{rel}","templated":true}]}}