{"id":8493,"date":"2025-04-11T17:16:45","date_gmt":"2025-04-11T20:16:45","guid":{"rendered":"https:\/\/ofertasimportadas.cl\/?post_type=product&#038;p=8493"},"modified":"2026-02-01T18:59:36","modified_gmt":"2026-02-01T21:59:36","slug":"triple-omega-3-6-9-nature-made-170-sofgels","status":"publish","type":"product","link":"https:\/\/ofertasimportadas.cl\/index.php\/producto\/triple-omega-3-6-9-nature-made-170-sofgels\/","title":{"rendered":"Triple Omega 3-6-9  Nature Made 170 Sofgels"},"content":{"rendered":"<ul>\n<li>Suplemento de apoyo a la salud del coraz\u00f3n: contiene una botella de 170 cuentas de Triple Omega 3-6-9 Softgels de Nature Made para un suministro de 85 d\u00edas<\/li>\n<li>Combina \u00e1cidos grasos Omega-3, Omega-6 y Omega-9 para ayudar a mantener un coraz\u00f3n sano usando aceites de linaza, c\u00e1rtamo y oliva<\/li>\n<li>Nature Made Omega 3 6 9 suplemento con los tres principales \u00e1cidos grasos utilizados por el cuerpo<\/li>\n<li>Adultos, tomar dos Triple Omega 3-6-9 softgels diariamente con agua y una comida para una absorci\u00f3n \u00f3ptima<\/li>\n<li>Estos suplementos sin gluten Omega 3 6 9 no tienen color a\u00f1adido y no tienen sabores artificiales<\/li>\n<li>Estas declaraciones no han sido evaluadas por la Administraci\u00f3n de Alimentos y Medicamentos; este producto no est\u00e1 destinado a diagnosticar, tratar, curar o prevenir ninguna enfermedad.<\/li>\n<\/ul>\n","protected":false},"excerpt":{"rendered":"<p>Suplemento de apoyo a la salud del coraz\u00f3n: contiene una botella de 170 cuentas de Triple Omega 3-6-9 Softgels de Nature Made para un suministro de<span class=\"excerpt-hellip\"> [\u2026]<\/span><\/p>\n","protected":false},"featured_media":8494,"comment_status":"open","ping_status":"closed","template":"","meta":{"_joinchat":[]},"product_brand":[],"product_cat":[74,83,26,27,101,81,70],"product_tag":[],"class_list":{"0":"post-8493","1":"product","2":"type-product","3":"status-publish","4":"has-post-thumbnail","6":"product_cat-omega3","7":"product_cat-omega3-vitaminas-para-ellos","8":"product_cat-para-ellas","9":"product_cat-para-ellos","10":"product_cat-todos-los-productos","11":"product_cat-vitaminas-para-ellos","12":"product_cat-vitaminas","14":"first","15":"instock","16":"shipping-taxable","17":"purchasable","18":"product-type-simple"},"_links":{"self":[{"href":"https:\/\/ofertasimportadas.cl\/index.php\/wp-json\/wp\/v2\/product\/8493","targetHints":{"allow":["GET"]}}],"collection":[{"href":"https:\/\/ofertasimportadas.cl\/index.php\/wp-json\/wp\/v2\/product"}],"about":[{"href":"https:\/\/ofertasimportadas.cl\/index.php\/wp-json\/wp\/v2\/types\/product"}],"replies":[{"embeddable":true,"href":"https:\/\/ofertasimportadas.cl\/index.php\/wp-json\/wp\/v2\/comments?post=8493"}],"wp:featuredmedia":[{"embeddable":true,"href":"https:\/\/ofertasimportadas.cl\/index.php\/wp-json\/wp\/v2\/media\/8494"}],"wp:attachment":[{"href":"https:\/\/ofertasimportadas.cl\/index.php\/wp-json\/wp\/v2\/media?parent=8493"}],"wp:term":[{"taxonomy":"product_brand","embeddable":true,"href":"https:\/\/ofertasimportadas.cl\/index.php\/wp-json\/wp\/v2\/product_brand?post=8493"},{"taxonomy":"product_cat","embeddable":true,"href":"https:\/\/ofertasimportadas.cl\/index.php\/wp-json\/wp\/v2\/product_cat?post=8493"},{"taxonomy":"product_tag","embeddable":true,"href":"https:\/\/ofertasimportadas.cl\/index.php\/wp-json\/wp\/v2\/product_tag?post=8493"}],"curies":[{"name":"wp","href":"https:\/\/api.w.org\/{rel}","templated":true}]}}