{"id":8506,"date":"2025-04-11T18:44:03","date_gmt":"2025-04-11T21:44:03","guid":{"rendered":"https:\/\/ofertasimportadas.cl\/?post_type=product&#038;p=8506"},"modified":"2026-05-09T10:15:26","modified_gmt":"2026-05-09T13:15:26","slug":"estroven-alivio-sintomas-de-la-menopausia-84-comprimidos","status":"publish","type":"product","link":"https:\/\/ofertasimportadas.cl\/index.php\/producto\/estroven-alivio-sintomas-de-la-menopausia-84-comprimidos\/","title":{"rendered":"Estroven 84 comprimidos Alivio s\u00edntomas de la menopausia"},"content":{"rendered":"<h3>Estroven\u00a0<sup>\u00ae<\/sup>\u00a0Alivio completo para m\u00faltiples s\u00edntomas de la menopausia<\/h3>\n<h3 id=\"a11y-features\">Caracter\u00edsticas:<\/h3>\n<ul class=\"pdp-features\">\n<li>Alivio de todos los principales s\u00edntomas de la menopausia<\/li>\n<li>Alivio m\u00e1s r\u00e1pido de la menopausia y reducci\u00f3n de hasta un 90 % en sofocos y sudores nocturnos<\/li>\n<li>Eficacia comprobada para TODAS las etapas de la menopausia.<\/li>\n<li>Extracto vegetal, vegano, sin f\u00e1rmacos, soja, hormonas ni gluten.<\/li>\n<li>Disponible en suministro para\u00a0 2 meses y 4 semanas<\/li>\n<li>\n<p class=\"product__text subtitle\" role=\"heading\">C\u00e1psulas seguras, sin f\u00e1rmacos y sin hormonas\u2020\u2020<\/p>\n<div class=\"product__description rte quick-add-hidden\"><\/div>\n<\/li>\n<\/ul>\n","protected":false},"excerpt":{"rendered":"<p>Estroven\u00a0\u00ae\u00a0Alivio completo para m\u00faltiples s\u00edntomas de la menopausia Caracter\u00edsticas: Alivio de todos los principales s\u00edntomas de la menopausia Alivio m\u00e1s r\u00e1pido de la menopausia y reducci\u00f3n<span class=\"excerpt-hellip\"> [\u2026]<\/span><\/p>\n","protected":false},"featured_media":10252,"comment_status":"open","ping_status":"closed","template":"","meta":{"_joinchat":[]},"product_brand":[],"product_cat":[126,26,101,70],"product_tag":[],"class_list":{"0":"post-8506","1":"product","2":"type-product","3":"status-publish","4":"has-post-thumbnail","6":"product_cat-otros-vitaminas-para-ellas","7":"product_cat-para-ellas","8":"product_cat-todos-los-productos","9":"product_cat-vitaminas","11":"first","12":"instock","13":"shipping-taxable","14":"purchasable","15":"product-type-simple"},"_links":{"self":[{"href":"https:\/\/ofertasimportadas.cl\/index.php\/wp-json\/wp\/v2\/product\/8506","targetHints":{"allow":["GET"]}}],"collection":[{"href":"https:\/\/ofertasimportadas.cl\/index.php\/wp-json\/wp\/v2\/product"}],"about":[{"href":"https:\/\/ofertasimportadas.cl\/index.php\/wp-json\/wp\/v2\/types\/product"}],"replies":[{"embeddable":true,"href":"https:\/\/ofertasimportadas.cl\/index.php\/wp-json\/wp\/v2\/comments?post=8506"}],"wp:featuredmedia":[{"embeddable":true,"href":"https:\/\/ofertasimportadas.cl\/index.php\/wp-json\/wp\/v2\/media\/10252"}],"wp:attachment":[{"href":"https:\/\/ofertasimportadas.cl\/index.php\/wp-json\/wp\/v2\/media?parent=8506"}],"wp:term":[{"taxonomy":"product_brand","embeddable":true,"href":"https:\/\/ofertasimportadas.cl\/index.php\/wp-json\/wp\/v2\/product_brand?post=8506"},{"taxonomy":"product_cat","embeddable":true,"href":"https:\/\/ofertasimportadas.cl\/index.php\/wp-json\/wp\/v2\/product_cat?post=8506"},{"taxonomy":"product_tag","embeddable":true,"href":"https:\/\/ofertasimportadas.cl\/index.php\/wp-json\/wp\/v2\/product_tag?post=8506"}],"curies":[{"name":"wp","href":"https:\/\/api.w.org\/{rel}","templated":true}]}}