{"id":8526,"date":"2025-04-14T19:29:49","date_gmt":"2025-04-14T22:29:49","guid":{"rendered":"https:\/\/ofertasimportadas.cl\/?post_type=product&#038;p=8526"},"modified":"2026-04-28T00:57:56","modified_gmt":"2026-04-28T03:57:56","slug":"calcio-500mg-con-d3-y-zinc-kirkland-signature-120-gomitas","status":"publish","type":"product","link":"https:\/\/ofertasimportadas.cl\/index.php\/producto\/calcio-500mg-con-d3-y-zinc-kirkland-signature-120-gomitas\/","title":{"rendered":"Calcio 500mg con D3 y zinc Kirkland Signature 120 gomitas"},"content":{"rendered":"<div id=\"SP_ProductImage\">\n<p><strong>Kirkland Signature Calcio 500 mg con D3, 120 Gomitas para Adultos.<\/strong><\/p>\n<p>Las Gomitas de Calcio Kirkland Signature\u2122 para Adultos son una deliciosa manera de obtener el calcio y la vitamina D necesarios para mantener huesos fuertes. Estos dos nutrientes trabajan en conjunto para mantener huesos y dientes fuertes, adem\u00e1s, la vitamina D y el zinc ayudan a mantener un sistema inmunitario sano. Solo necesitas 2 deliciosas gomitas para obtener 500 mg de calcio, 25 mcg (1000 UI) de vitamina D y 7 mg de zinc por porci\u00f3n. Un consumo<\/p>\n<p>Una Cantidad adecuada de calcio y vitamina D como parte de una dieta saludable, junto con la actividad f\u00edsica, puede reducir el riesgo de osteoporosis en el futuro. La vitamina D ayuda a desarrollar huesos y dientes fuertes al mejorar la absorci\u00f3n de calcio y f\u00f3sforo.<\/p>\n<p>Adem\u00e1s de su importante funci\u00f3n en la promoci\u00f3n de la fortaleza \u00f3sea, el calcio ayuda a mantener la salud de otros sistemas vitales del cuerpo. El calcio est\u00e1 involucrado en la regulaci\u00f3n de los latidos del coraz\u00f3n, promueve la contracci\u00f3n muscular adecuada y juega un papel en los impulsos nerviosos. Debido a su participaci\u00f3n en la s\u00edntesis de col\u00e1geno en el tejido \u00f3seo, el zinc agrega valor a una combinaci\u00f3n de calcio y vitamina D para apoyar la salud \u00f3sea. El zinc tambi\u00e9n es importante para la salud del sistema inmunol\u00f3gico.<\/p>\n<p><strong>Caracter\u00edsticas<\/strong><\/p>\n<\/div>\n<ul>\n<li>Puede reducir el riesgo de osteoporosis<\/li>\n<li>Favorece huesos y dientes fuertes<\/li>\n<li>Ayuda a mantener un sistema inmunol\u00f3gico saludable<\/li>\n<li>Deliciosos sabores de naranja y cereza.<\/li>\n<li>120 gomitas<\/li>\n<\/ul>\n<div>\n<p><strong>Uso sugerido:<\/strong><\/p>\n<p>Masticar dos (2) gomitas al d\u00eda, preferiblemente con una comida.<\/p>\n<\/div>\n","protected":false},"excerpt":{"rendered":"<p>Kirkland Signature Calcio 500 mg con D3, 120 Gomitas para Adultos. Las Gomitas de Calcio Kirkland Signature\u2122 para Adultos son una deliciosa manera de obtener el<span class=\"excerpt-hellip\"> [\u2026]<\/span><\/p>\n","protected":false},"featured_media":8535,"comment_status":"open","ping_status":"closed","template":"","meta":{"_joinchat":[]},"product_brand":[],"product_cat":[85,77,26,27,101,81,70],"product_tag":[],"class_list":{"0":"post-8526","1":"product","2":"type-product","3":"status-publish","4":"has-post-thumbnail","6":"product_cat-calcio-vitaminas-para-ellos","7":"product_cat-calcio","8":"product_cat-para-ellas","9":"product_cat-para-ellos","10":"product_cat-todos-los-productos","11":"product_cat-vitaminas-para-ellos","12":"product_cat-vitaminas","14":"first","15":"instock","16":"shipping-taxable","17":"purchasable","18":"product-type-simple"},"_links":{"self":[{"href":"https:\/\/ofertasimportadas.cl\/index.php\/wp-json\/wp\/v2\/product\/8526","targetHints":{"allow":["GET"]}}],"collection":[{"href":"https:\/\/ofertasimportadas.cl\/index.php\/wp-json\/wp\/v2\/product"}],"about":[{"href":"https:\/\/ofertasimportadas.cl\/index.php\/wp-json\/wp\/v2\/types\/product"}],"replies":[{"embeddable":true,"href":"https:\/\/ofertasimportadas.cl\/index.php\/wp-json\/wp\/v2\/comments?post=8526"}],"wp:featuredmedia":[{"embeddable":true,"href":"https:\/\/ofertasimportadas.cl\/index.php\/wp-json\/wp\/v2\/media\/8535"}],"wp:attachment":[{"href":"https:\/\/ofertasimportadas.cl\/index.php\/wp-json\/wp\/v2\/media?parent=8526"}],"wp:term":[{"taxonomy":"product_brand","embeddable":true,"href":"https:\/\/ofertasimportadas.cl\/index.php\/wp-json\/wp\/v2\/product_brand?post=8526"},{"taxonomy":"product_cat","embeddable":true,"href":"https:\/\/ofertasimportadas.cl\/index.php\/wp-json\/wp\/v2\/product_cat?post=8526"},{"taxonomy":"product_tag","embeddable":true,"href":"https:\/\/ofertasimportadas.cl\/index.php\/wp-json\/wp\/v2\/product_tag?post=8526"}],"curies":[{"name":"wp","href":"https:\/\/api.w.org\/{rel}","templated":true}]}}