{"id":8637,"date":"2025-05-06T14:43:13","date_gmt":"2025-05-06T17:43:13","guid":{"rendered":"https:\/\/ofertasimportadas.cl\/?post_type=product&#038;p=8637"},"modified":"2025-05-30T11:07:51","modified_gmt":"2025-05-30T14:07:51","slug":"vitamina-c","status":"publish","type":"product","link":"https:\/\/ofertasimportadas.cl\/index.php\/producto\/vitamina-c\/","title":{"rendered":"Vitamina C  Kirkland Signature 1000 mg &#8211; 500 comprimidos"},"content":{"rendered":"<div class=\"expand-collapse-header flex justify-between items-center w-100\">\n<h3 class=\"w-100 ma0 pa3 f5 lh-copy normal\">Detalles del producto<\/h3>\n<div class=\"pr3\"><\/div>\n<\/div>\n<div class=\"w_rNem expand-collapse-content\" data-testid=\"ui-collapse-panel\">\n<div class=\"ph3 pb4 pt1\">\n<div class=\"nb3\" data-testid=\"product-description-content\">\n<div class=\"mb3\">\n<div class=\"dangerous-html mb3\">Kirkland Signature Vitamina C es un suplemento nutricional de alta potencia. Adem\u00e1s de la vitamina C, tambi\u00e9n contiene un complejo c\u00edtrico de bioflavonoides, que pueden ayudar en la absorci\u00f3n del cuerpo de vitamina C, y escaramujos, que son una fuente natural de vitamina C.<\/div>\n<div>\n<ul>\n<li>Ayuda al desarrollo y mantenimiento normal de huesos, cart\u00edlagos, dientes y enc\u00edas.<\/li>\n<li>Proporciona un antioxidante para el mantenimiento de una buena salud.<\/li>\n<li>Ayuda en la formaci\u00f3n de tejido conectivo y la cicatrizaci\u00f3n de heridas.<\/li>\n<\/ul>\n<div class=\"row aps-table-head\">\n<div><span>Usos<\/span><\/div>\n<\/div>\n<ul class=\"list-item\">\n<li class=\"drug-list-row\"><span>La vitamina C contribuye al desarrollo y mantenimiento de huesos, cart\u00edlagos, dientes y enc\u00edas. Contribuye a la formaci\u00f3n de col\u00e1geno. Contribuye a la funci\u00f3n inmunitaria. Ayuda a prevenir la deficiencia de vitamina C. Ayuda a mantener la capacidad del cuerpo para metabolizar los nutrientes. Es una fuente de vitamina C, un factor clave para el crecimiento y desarrollo normales. Adem\u00e1s, es fuente de antioxidantes que ayudan a combatir el efecto oxidativo del da\u00f1o celular causado por los radicales libres. Proporciona un antioxidante para el mantenimiento de una buena salud y favorece la formaci\u00f3n y cicatrizaci\u00f3n del tejido conectivo.<\/span><\/li>\n<\/ul>\n<p>Dosificaci\u00f3n:<\/p>\n<ul>\n<li><em>Adultos y adolescentes de 9 a\u00f1os o m\u00e1s:<\/em>\u00a01 comprimido al d\u00eda o seg\u00fan lo indique un profesional de la salud.<\/li>\n<\/ul>\n<p>Raciones:<\/p>\n<ul>\n<li>500 d\u00edas<\/li>\n<\/ul>\n<\/div>\n<\/div>\n<\/div>\n<\/div>\n<\/div>\n","protected":false},"excerpt":{"rendered":"<p>Detalles del producto Kirkland Signature Vitamina C es un suplemento nutricional de alta potencia. Adem\u00e1s de la vitamina C, tambi\u00e9n contiene un complejo c\u00edtrico de bioflavonoides,<span class=\"excerpt-hellip\"> [\u2026]<\/span><\/p>\n","protected":false},"featured_media":8641,"comment_status":"open","ping_status":"closed","template":"","meta":{"_joinchat":[]},"product_brand":[],"product_cat":[26,27,101,87,79,81,70],"product_tag":[],"class_list":{"0":"post-8637","1":"product","2":"type-product","3":"status-publish","4":"has-post-thumbnail","6":"product_cat-para-ellas","7":"product_cat-para-ellos","8":"product_cat-todos-los-productos","9":"product_cat-vitaminac-vitaminas-para-ellos","10":"product_cat-vitaminac","11":"product_cat-vitaminas-para-ellos","12":"product_cat-vitaminas","14":"first","15":"outofstock","16":"shipping-taxable","17":"purchasable","18":"product-type-simple"},"_links":{"self":[{"href":"https:\/\/ofertasimportadas.cl\/index.php\/wp-json\/wp\/v2\/product\/8637","targetHints":{"allow":["GET"]}}],"collection":[{"href":"https:\/\/ofertasimportadas.cl\/index.php\/wp-json\/wp\/v2\/product"}],"about":[{"href":"https:\/\/ofertasimportadas.cl\/index.php\/wp-json\/wp\/v2\/types\/product"}],"replies":[{"embeddable":true,"href":"https:\/\/ofertasimportadas.cl\/index.php\/wp-json\/wp\/v2\/comments?post=8637"}],"wp:featuredmedia":[{"embeddable":true,"href":"https:\/\/ofertasimportadas.cl\/index.php\/wp-json\/wp\/v2\/media\/8641"}],"wp:attachment":[{"href":"https:\/\/ofertasimportadas.cl\/index.php\/wp-json\/wp\/v2\/media?parent=8637"}],"wp:term":[{"taxonomy":"product_brand","embeddable":true,"href":"https:\/\/ofertasimportadas.cl\/index.php\/wp-json\/wp\/v2\/product_brand?post=8637"},{"taxonomy":"product_cat","embeddable":true,"href":"https:\/\/ofertasimportadas.cl\/index.php\/wp-json\/wp\/v2\/product_cat?post=8637"},{"taxonomy":"product_tag","embeddable":true,"href":"https:\/\/ofertasimportadas.cl\/index.php\/wp-json\/wp\/v2\/product_tag?post=8637"}],"curies":[{"name":"wp","href":"https:\/\/api.w.org\/{rel}","templated":true}]}}