{"id":9028,"date":"2025-07-17T22:37:14","date_gmt":"2025-07-18T01:37:14","guid":{"rendered":"https:\/\/ofertasimportadas.cl\/?post_type=product&#038;p=9028"},"modified":"2026-04-28T01:04:44","modified_gmt":"2026-04-28T04:04:44","slug":"melatonina-12mg-60-vegetarian-gummies-spring-valley","status":"publish","type":"product","link":"https:\/\/ofertasimportadas.cl\/index.php\/producto\/melatonina-12mg-60-vegetarian-gummies-spring-valley\/","title":{"rendered":"Melatonina 12mg 60 vegetarian gummies Spring Valley"},"content":{"rendered":"<div class=\"mb3\">\n<div class=\"dangerous-html mb3\">\n<p>Nuestras gomitas vegetarianas de suplemento diet\u00e9tico Spring Valley Ultra Strength Melatonin Sleep Support est\u00e1n formuladas para promover un sue\u00f1o reparador. * Cada porci\u00f3n proporciona 12 miligramos de melatonina, un compuesto natural producido por el cuerpo que se ha asociado con los ritmos corporales normales y los patrones de sue\u00f1o\/vigilia. * Estas gomitas de alta potencia tienen un delicioso sabor a fresa. No contienen gluten, leche, huevo, sabores artificiales, edulcorantes artificiales ni jarabe de ma\u00edz de alta fructosa. Los adultos deben masticar dos gomitas antes de acostarse o al acostarse para ayudar a regular los ciclos de sue\u00f1o y vigilia. * Puedes estar seguro de que las gomitas vegetarianas de suplemento diet\u00e9tico Spring Valley Ultra Strength Melatonin Sleep Support se producen con estrictas pautas de calidad y est\u00e1n respaldadas por nuestra garant\u00eda de calidad.<\/p>\n<p>Spring Valley entiende que llevar un estilo de vida saludable y equilibrado es la clave para ser tu mejor versi\u00f3n. Con una gama asequible de productos inspirados en la naturaleza, Spring Valley apoya la salud y el bienestar hol\u00edstico tuyo y de tu familia.<\/p>\n<\/div>\n<\/div>\n<div class=\"mb3 f6 mid-gray lh-title overflow-visible db\">\n<div class=\"dangerous-html mb3\">\n<ul>\n<li>Spring Valley Ultra Strength Melatonin Sleep Support Dietary Supplement Vegetarian Gummies, 12 mg, 60 unidad<\/li>\n<li>Suplemento diet\u00e9tico para el apoyo del sue\u00f1o*<\/li>\n<li>Sin gluten, leche, huevo, sabores artificiales, edulcorantes artificiales o jarabe de ma\u00edz de alta fructosa<\/li>\n<li>60 tabletas por botella para un suministro de un mes<\/li>\n<li>F\u00f3rmula vegetariana<\/li>\n<li>Tabletas de disoluci\u00f3n r\u00e1pida con sabor a fresa (artificial)<\/li>\n<li>12 mg de melatonina por tableta<\/li>\n<\/ul>\n<pre id=\"tw-target-text\" class=\"tw-data-text tw-text-large tw-ta\" dir=\"ltr\" data-placeholder=\"Traducci\u00f3n\" data-ved=\"2ahUKEwj8-oa5osWOAxWDF7kGHVLNEUUQ3ewLegQICRAV\" aria-label=\"Texto traducido: Adultos: masticar dos (2) gomitas al d\u00eda 30 minutos antes de acostarse. Masticar completamente antes de tragar.\"><span class=\"Y2IQFc\" lang=\"es\">Adultos: masticar dos (2) gomitas al d\u00eda 30 minutos antes de acostarse. Masticar completamente antes de tragar.<\/span><\/pre>\n<\/div>\n<\/div>\n","protected":false},"excerpt":{"rendered":"<p>Nuestras gomitas vegetarianas de suplemento diet\u00e9tico Spring Valley Ultra Strength Melatonin Sleep Support est\u00e1n formuladas para promover un sue\u00f1o reparador. * Cada porci\u00f3n proporciona 12 miligramos<span class=\"excerpt-hellip\"> [\u2026]<\/span><\/p>\n","protected":false},"featured_media":9029,"comment_status":"open","ping_status":"closed","template":"","meta":{"_joinchat":[]},"product_brand":[],"product_cat":[15],"product_tag":[],"class_list":{"0":"post-9028","1":"product","2":"type-product","3":"status-publish","4":"has-post-thumbnail","6":"product_cat-sin-categoria","8":"first","9":"outofstock","10":"shipping-taxable","11":"purchasable","12":"product-type-simple"},"_links":{"self":[{"href":"https:\/\/ofertasimportadas.cl\/index.php\/wp-json\/wp\/v2\/product\/9028","targetHints":{"allow":["GET"]}}],"collection":[{"href":"https:\/\/ofertasimportadas.cl\/index.php\/wp-json\/wp\/v2\/product"}],"about":[{"href":"https:\/\/ofertasimportadas.cl\/index.php\/wp-json\/wp\/v2\/types\/product"}],"replies":[{"embeddable":true,"href":"https:\/\/ofertasimportadas.cl\/index.php\/wp-json\/wp\/v2\/comments?post=9028"}],"wp:featuredmedia":[{"embeddable":true,"href":"https:\/\/ofertasimportadas.cl\/index.php\/wp-json\/wp\/v2\/media\/9029"}],"wp:attachment":[{"href":"https:\/\/ofertasimportadas.cl\/index.php\/wp-json\/wp\/v2\/media?parent=9028"}],"wp:term":[{"taxonomy":"product_brand","embeddable":true,"href":"https:\/\/ofertasimportadas.cl\/index.php\/wp-json\/wp\/v2\/product_brand?post=9028"},{"taxonomy":"product_cat","embeddable":true,"href":"https:\/\/ofertasimportadas.cl\/index.php\/wp-json\/wp\/v2\/product_cat?post=9028"},{"taxonomy":"product_tag","embeddable":true,"href":"https:\/\/ofertasimportadas.cl\/index.php\/wp-json\/wp\/v2\/product_tag?post=9028"}],"curies":[{"name":"wp","href":"https:\/\/api.w.org\/{rel}","templated":true}]}}