{"id":9035,"date":"2025-07-17T22:48:54","date_gmt":"2025-07-18T01:48:54","guid":{"rendered":"https:\/\/ofertasimportadas.cl\/?post_type=product&#038;p=9035"},"modified":"2026-02-09T20:57:00","modified_gmt":"2026-02-09T23:57:00","slug":"melatonina-natrol-5mg-60-gomitas","status":"publish","type":"product","link":"https:\/\/ofertasimportadas.cl\/index.php\/producto\/melatonina-natrol-5mg-60-gomitas\/","title":{"rendered":"Melatonina Natrol 5mg 60 Gomitas"},"content":{"rendered":"<div class=\"mb3\">\n<div class=\"dangerous-html mb3\">Las gomitas de 5 mg de Natrol\u00ae melatonin son un apoyo para dormir para adultos y ofrecen una opci\u00f3n conveniente y f\u00e1ciles de tomar para ayudar con el insomnio ocasional. (1) Estas gomitas son 100% libre de drogas, hechas con ingredientes limpios, sin colorantes sint\u00e9ticos, sabores artificiales o edulcorantes. Cada gomita vegetariana, sin OGM y sin gelatina ayuda al sue\u00f1o excluye los al\u00e9rgenos alimentarios comunes.<\/div>\n<div class=\"dangerous-html mb3\">Factores como el estr\u00e9s y el tiempo de pantalla antes de acostarse pueden interrumpir la producci\u00f3n de melatonin y perturbar su sue\u00f1o. Los suplementos de Natrol melatonin para dormir ofrecen 5 mg de melatonin puro al 99% por porci\u00f3n, proporcionando el apoyo para dormir que necesita para conciliar el sue\u00f1o m\u00e1s r\u00e1pido y permanecer dormido por m\u00e1s tiempo.<\/div>\n<div class=\"dangerous-html mb3\">La f\u00f3rmula a base de pectina de Natrol\u00ae y su gran sabor a fresa\u00a0 hacen que estas gomitas para dormir sean m\u00e1s f\u00e1ciles de masticar que las gomitas de gelatina est\u00e1ndar.<\/div>\n<div class=\"dangerous-html mb3\">Adultos, tome una gomita 30 minutos antes de acostarse.<\/div>\n<div><\/div>\n<div class=\"dangerous-html mb3\">Natrol\u00ae se dedica a crear productos innovadores y de calidad, para ayudarlo a mantener una buena salud y prosperar en su estilo de vida ocupado y moderno.<\/div>\n<div class=\"dangerous-html mb3\">\u00a0Este producto no est\u00e1 destinado a diagnosticar, tratar, curar o prevenir ninguna enfermedad.<\/div>\n<\/div>\n<div class=\"mb3 f6 mid-gray lh-title overflow-visible db\">\n<div class=\"dangerous-html mb3\">\n<ul>\n<li>Soporte para el sue\u00f1o: Un frasco de 60 unidades de Natrol\u00ae Melatonin Sleep Support(1) para adultos 5 mg de gomitas con sabor a fresa para un suministro de 30 d\u00edas<\/li>\n<li>Las gomitas de Natrol Melatonin Sleep Support para adultos te ayudan a conciliar el sue\u00f1o m\u00e1s r\u00e1pido, permanecer dormido por m\u00e1s tiempo y despertar sinti\u00e9ndote renovado y listo para enfrentarte al d\u00eda siguiente(1)<\/li>\n<li>Suplemento de ayuda para el sue\u00f1o 100% libre de drogas: estas gomitas melatonin para adultos son 100% libres de drogas y no forman h\u00e1bito, vegetarianas, libres de gelatina y no contienen colorantes sint\u00e9ticos, sabores artificiales y edulcorantes<\/li>\n<\/ul>\n<\/div>\n<\/div>\n","protected":false},"excerpt":{"rendered":"<p>Las gomitas de 5 mg de Natrol\u00ae melatonin son un apoyo para dormir para adultos y ofrecen una opci\u00f3n conveniente y f\u00e1ciles de tomar para ayudar<span class=\"excerpt-hellip\"> [\u2026]<\/span><\/p>\n","protected":false},"featured_media":9042,"comment_status":"open","ping_status":"closed","template":"","meta":{"_joinchat":[]},"product_brand":[],"product_cat":[84,75,26,27,101,81,70],"product_tag":[],"class_list":{"0":"post-9035","1":"product","2":"type-product","3":"status-publish","4":"has-post-thumbnail","6":"product_cat-melatonina-vitaminas-para-ellos","7":"product_cat-melatonina","8":"product_cat-para-ellas","9":"product_cat-para-ellos","10":"product_cat-todos-los-productos","11":"product_cat-vitaminas-para-ellos","12":"product_cat-vitaminas","14":"first","15":"outofstock","16":"shipping-taxable","17":"purchasable","18":"product-type-simple"},"_links":{"self":[{"href":"https:\/\/ofertasimportadas.cl\/index.php\/wp-json\/wp\/v2\/product\/9035","targetHints":{"allow":["GET"]}}],"collection":[{"href":"https:\/\/ofertasimportadas.cl\/index.php\/wp-json\/wp\/v2\/product"}],"about":[{"href":"https:\/\/ofertasimportadas.cl\/index.php\/wp-json\/wp\/v2\/types\/product"}],"replies":[{"embeddable":true,"href":"https:\/\/ofertasimportadas.cl\/index.php\/wp-json\/wp\/v2\/comments?post=9035"}],"wp:featuredmedia":[{"embeddable":true,"href":"https:\/\/ofertasimportadas.cl\/index.php\/wp-json\/wp\/v2\/media\/9042"}],"wp:attachment":[{"href":"https:\/\/ofertasimportadas.cl\/index.php\/wp-json\/wp\/v2\/media?parent=9035"}],"wp:term":[{"taxonomy":"product_brand","embeddable":true,"href":"https:\/\/ofertasimportadas.cl\/index.php\/wp-json\/wp\/v2\/product_brand?post=9035"},{"taxonomy":"product_cat","embeddable":true,"href":"https:\/\/ofertasimportadas.cl\/index.php\/wp-json\/wp\/v2\/product_cat?post=9035"},{"taxonomy":"product_tag","embeddable":true,"href":"https:\/\/ofertasimportadas.cl\/index.php\/wp-json\/wp\/v2\/product_tag?post=9035"}],"curies":[{"name":"wp","href":"https:\/\/api.w.org\/{rel}","templated":true}]}}