{"id":9603,"date":"2025-11-05T18:52:02","date_gmt":"2025-11-05T21:52:02","guid":{"rendered":"https:\/\/ofertasimportadas.cl\/?post_type=product&#038;p=9603"},"modified":"2026-02-09T18:20:36","modified_gmt":"2026-02-09T21:20:36","slug":"l-teanina-120-dosis","status":"publish","type":"product","link":"https:\/\/ofertasimportadas.cl\/index.php\/producto\/l-teanina-120-dosis\/","title":{"rendered":"L-Teanina 120 dosis"},"content":{"rendered":"<div class=\"expand-collapse-header flex justify-between items-center w-100\">\n<div class=\"pr3\"><\/div>\n<\/div>\n<div class=\"w_rNem expand-collapse-content\" data-testid=\"ui-collapse-panel\">\n<div class=\"ph3 pb4 pt1\">\n<div class=\"nb3\" data-testid=\"product-description-content\">\n<div class=\"mb3\">\n<div class=\"dangerous-html mb3\">Suplemento diet\u00e9tico Calidad Nutricost Garantizado GMP Producto No-GMO. La L-teanina sin gluten es un amino\u00e1cido que se encuentra en el t\u00e9 verde y negro. Se conoce como un amino\u00e1cido \u201cterap\u00e9utico\u201d porque facilita la relajaci\u00f3n. Cuando se combina con la cafe\u00edna, tambi\u00e9n puede proporcionar un impulso a la concentraci\u00f3n y la atenci\u00f3n. La L-teanina puede: Reducir el estr\u00e9s y la ansiedad Mejorar la calidad del sue\u00f1o Mejorar el enfoque mental Fortificar la inmunidad<\/div>\n<\/div>\n<div class=\"mb3 f6 mid-gray lh-title overflow-visible db\">\n<div class=\"dangerous-html mb3\">\n<ul>\n<li>120 c\u00e1psulas de L-teanina por botella<\/li>\n<li>200 mg de L-teanina por porci\u00f3n (120 porciones)<\/li>\n<li>F\u00e1cil de tomar c\u00e1psulas<\/li>\n<li>Sin OGM, sin gluten<\/li>\n<li>Fabricado en una instalaci\u00f3n registrada de la FDA que cumple con GMP<\/li>\n<\/ul>\n<\/div>\n<\/div>\n<\/div>\n<\/div>\n<\/div>\n","protected":false},"excerpt":{"rendered":"<p>Suplemento diet\u00e9tico Calidad Nutricost Garantizado GMP Producto No-GMO. La L-teanina sin gluten es un amino\u00e1cido que se encuentra en el t\u00e9 verde y negro. Se conoce<span class=\"excerpt-hellip\"> [\u2026]<\/span><\/p>\n","protected":false},"featured_media":9608,"comment_status":"open","ping_status":"closed","template":"","meta":{"_joinchat":[]},"product_brand":[],"product_cat":[127,126,26,27,101,81,70],"product_tag":[],"class_list":{"0":"post-9603","1":"product","2":"type-product","3":"status-publish","4":"has-post-thumbnail","6":"product_cat-otros","7":"product_cat-otros-vitaminas-para-ellas","8":"product_cat-para-ellas","9":"product_cat-para-ellos","10":"product_cat-todos-los-productos","11":"product_cat-vitaminas-para-ellos","12":"product_cat-vitaminas","14":"first","15":"instock","16":"shipping-taxable","17":"purchasable","18":"product-type-simple"},"_links":{"self":[{"href":"https:\/\/ofertasimportadas.cl\/index.php\/wp-json\/wp\/v2\/product\/9603","targetHints":{"allow":["GET"]}}],"collection":[{"href":"https:\/\/ofertasimportadas.cl\/index.php\/wp-json\/wp\/v2\/product"}],"about":[{"href":"https:\/\/ofertasimportadas.cl\/index.php\/wp-json\/wp\/v2\/types\/product"}],"replies":[{"embeddable":true,"href":"https:\/\/ofertasimportadas.cl\/index.php\/wp-json\/wp\/v2\/comments?post=9603"}],"wp:featuredmedia":[{"embeddable":true,"href":"https:\/\/ofertasimportadas.cl\/index.php\/wp-json\/wp\/v2\/media\/9608"}],"wp:attachment":[{"href":"https:\/\/ofertasimportadas.cl\/index.php\/wp-json\/wp\/v2\/media?parent=9603"}],"wp:term":[{"taxonomy":"product_brand","embeddable":true,"href":"https:\/\/ofertasimportadas.cl\/index.php\/wp-json\/wp\/v2\/product_brand?post=9603"},{"taxonomy":"product_cat","embeddable":true,"href":"https:\/\/ofertasimportadas.cl\/index.php\/wp-json\/wp\/v2\/product_cat?post=9603"},{"taxonomy":"product_tag","embeddable":true,"href":"https:\/\/ofertasimportadas.cl\/index.php\/wp-json\/wp\/v2\/product_tag?post=9603"}],"curies":[{"name":"wp","href":"https:\/\/api.w.org\/{rel}","templated":true}]}}