{"id":9693,"date":"2025-11-18T15:50:29","date_gmt":"2025-11-18T18:50:29","guid":{"rendered":"https:\/\/ofertasimportadas.cl\/?post_type=product&#038;p=9693"},"modified":"2026-05-10T19:39:24","modified_gmt":"2026-05-10T22:39:24","slug":"melatonina-kids-60-gomitas-1mg","status":"publish","type":"product","link":"https:\/\/ofertasimportadas.cl\/index.php\/producto\/melatonina-kids-60-gomitas-1mg\/","title":{"rendered":"Melatonina kids 60 Gomitas 1mg"},"content":{"rendered":"<h6><b>Calme a su hijo para que duerma de forma segura y eficaz con las gomitas de melatonina para ni\u00f1os . Formulado con una dosis suave de 1 mg de melatonina, les ayuda a conciliar el sue\u00f1o m\u00e1s r\u00e1pido y a permanecer dormidos por m\u00e1s tiempo. Es 100% libre de drogas y no genera h\u00e1bito, es vegano y no contiene OGM, gluten, gelatina, sabores artificiales, colorantes, edulcorantes y conservantes. Sabemos que puede ser dif\u00edcil cuando nuestros ni\u00f1os experimentan esas noches ocasionales de insomnio y usted puede estar seguro de que la marca de melatonina n\u00famero uno, puede ayudar a su hijo a dormir lo que necesita.<\/b><\/h6>\n<ul>\n<li aria-level=\"1\">\n<h6><b>DUERME SUFICIENTE: La melatonina es producida naturalmente por nuestro cuerpo para manejar los ciclos de sue\u00f1o y vigilia, pero su equilibrio puede verse afectado f\u00e1cilmente. Cuando sus hijos tienen problemas para dormir, Melatonina puede ayudarlos a conciliar el sue\u00f1o y permanecer dormidos por m\u00e1s tiempo.<\/b><\/h6>\n<\/li>\n<\/ul>\n<ul>\n<li aria-level=\"1\">\n<h6><b>RECOMENDADO POR PEDIATRA: La melatonina es recomendada por pediatras para ayudar con el insomnio ocasional. Seguro y eficaz para mayores de 4 a\u00f1os.<\/b><\/h6>\n<\/li>\n<\/ul>\n<ul>\n<li aria-level=\"1\">\n<h6><b>100% LIBRE DE DROGAS: Kids Melatonin es 100% libre de drogas y no crea h\u00e1bito, por lo que puede sentirse bien d\u00e1ndola a sus hijos<\/b><\/h6>\n<\/li>\n<\/ul>\n<ul>\n<li aria-level=\"1\">\n<h6><b>UNA MEJOR GOMITA: Las gomitas de melatonina para ni\u00f1os de son veganas y sin gelatina (\u00a1sin subproductos animales!), Y no contienen OGM ni contienen colorantes, sabores, edulcorantes ni conservantes artificiales.<\/b><\/h6>\n<\/li>\n<\/ul>\n<ul>\n<li aria-level=\"1\">\n<h6><b>MARCA # 1 DE AYUDAS PARA EL SUE\u00d1O LIBRES DE DROGAS: es la marca n\u00famero 1 de ayudas para dormir sin drogas en Estados Unidos y uno de los principales fabricantes de vitaminas y suplementos del pa\u00eds. *<\/b><\/h6>\n<\/li>\n<\/ul>\n<p><b>DOSIS<\/b><\/p>\n<p><b>Instrucciones: Para ni\u00f1os de 4 a\u00f1os en adelante, tome 1 gomita 20-30 minutos antes de acostarse. Guardar en un lugar fresco y seco.<\/b><\/p>\n","protected":false},"excerpt":{"rendered":"<p>Calme a su hijo para que duerma de forma segura y eficaz con las gomitas de melatonina para ni\u00f1os . Formulado con una dosis suave de<span class=\"excerpt-hellip\"> [\u2026]<\/span><\/p>\n","protected":false},"featured_media":9695,"comment_status":"open","ping_status":"closed","template":"","meta":{"_joinchat":[]},"product_brand":[],"product_cat":[98,90,101,91],"product_tag":[],"class_list":{"0":"post-9693","1":"product","2":"type-product","3":"status-publish","4":"has-post-thumbnail","6":"product_cat-melatonina-vitaminas-ninos","7":"product_cat-ninos","8":"product_cat-todos-los-productos","9":"product_cat-vitaminas-ninos","11":"first","12":"instock","13":"shipping-taxable","14":"purchasable","15":"product-type-simple"},"_links":{"self":[{"href":"https:\/\/ofertasimportadas.cl\/index.php\/wp-json\/wp\/v2\/product\/9693","targetHints":{"allow":["GET"]}}],"collection":[{"href":"https:\/\/ofertasimportadas.cl\/index.php\/wp-json\/wp\/v2\/product"}],"about":[{"href":"https:\/\/ofertasimportadas.cl\/index.php\/wp-json\/wp\/v2\/types\/product"}],"replies":[{"embeddable":true,"href":"https:\/\/ofertasimportadas.cl\/index.php\/wp-json\/wp\/v2\/comments?post=9693"}],"wp:featuredmedia":[{"embeddable":true,"href":"https:\/\/ofertasimportadas.cl\/index.php\/wp-json\/wp\/v2\/media\/9695"}],"wp:attachment":[{"href":"https:\/\/ofertasimportadas.cl\/index.php\/wp-json\/wp\/v2\/media?parent=9693"}],"wp:term":[{"taxonomy":"product_brand","embeddable":true,"href":"https:\/\/ofertasimportadas.cl\/index.php\/wp-json\/wp\/v2\/product_brand?post=9693"},{"taxonomy":"product_cat","embeddable":true,"href":"https:\/\/ofertasimportadas.cl\/index.php\/wp-json\/wp\/v2\/product_cat?post=9693"},{"taxonomy":"product_tag","embeddable":true,"href":"https:\/\/ofertasimportadas.cl\/index.php\/wp-json\/wp\/v2\/product_tag?post=9693"}],"curies":[{"name":"wp","href":"https:\/\/api.w.org\/{rel}","templated":true}]}}