{"id":9774,"date":"2025-12-11T16:28:11","date_gmt":"2025-12-11T19:28:11","guid":{"rendered":"https:\/\/ofertasimportadas.cl\/?post_type=product&#038;p=9774"},"modified":"2026-05-13T00:28:00","modified_gmt":"2026-05-13T03:28:00","slug":"minoxidil-kirkland-5-360ml-6x60ml","status":"publish","type":"product","link":"https:\/\/ofertasimportadas.cl\/index.php\/producto\/minoxidil-kirkland-5-360ml-6x60ml\/","title":{"rendered":"Minoxidil Kirkland 5% 360ML (6X60ML)"},"content":{"rendered":"<div class=\"ccs-cc-inline-features-block ccs-cc-inline-single-feature\">\n<div class=\"ccs-cc-inline-feature\" data-type=\"text media\" data-pos=\"right\">\n<div class=\"ccs-cc-inline-feature-content ccs-cc-inline-feature-description\">\n<h4 style=\"text-align: center;\" data-cnet-ccs-icb-annotation=\"true\">Cl\u00ednicamente comprobado para tratar la p\u00e9rdida y debilitamiento capilar,\u00a0<strong data-start=\"365\" data-end=\"390\">Minoxidil Kirkland 5%<\/strong>\u00a0es tu aliado para\u00a0<strong data-start=\"409\" data-end=\"446\">recuperar, fortalecer y estimular<\/strong>\u00a0un crecimiento m\u00e1s denso y saludable.<\/h4>\n<h3 data-cnet-ccs-icb-annotation=\"true\"><b data-cnet-ccs-icb-annotation=\"true\"><span dir=\"auto\">Instrucciones:<\/span><\/b><\/h3>\n<ul data-cnet-ccs-icb-annotation=\"true\">\n<li data-cnet-ccs-icb-annotation=\"true\"><span dir=\"auto\">Aplicar 1 ml con gotero 2 veces al d\u00eda directamente sobre el cuero cabelludo o barba, <strong data-start=\"570\" data-end=\"607\">(ma\u00f1ana y noche)<\/strong>.<\/span><\/li>\n<li>Distribuir uniformemente sobre la zona deseada.<\/li>\n<li>Dejar secar completamente,\u00a0<strong data-start=\"759\" data-end=\"800\">sin enjuagar durante al menos 4 horas<\/strong>.<\/li>\n<li data-cnet-ccs-icb-annotation=\"true\"><span dir=\"auto\">Usar m\u00e1s o con mayor frecuencia no mejorar\u00e1 los resultados<\/span><\/li>\n<li data-cnet-ccs-icb-annotation=\"true\"><span dir=\"auto\">Es necesario un uso continuo para aumentar y mantener el crecimiento del cabello, o la ca\u00edda del cabello comenzar\u00e1 nuevamente.<\/span><\/li>\n<\/ul>\n<\/div>\n<p>No permita que la ca\u00edda del cabello le afecte. La soluci\u00f3n t\u00f3pica de Minoxidil USP al 5% de Kirkland Signature es un tratamiento t\u00f3pico extrafuerte para la ca\u00edda del cabello que se usa para ayudar a regenerar el cabello en la parte superior del cuero cabelludo (solo en el v\u00e9rtice). Este producto sin perfume reactiva los fol\u00edculos pilosos para estimular el recrecimiento y est\u00e1 cl\u00ednicamente probado que ayuda a regenerar el cabello. No est\u00e1 indicado para la calvicie frontal ni las entradas. El minoxidil es el ingrediente activo n\u00famero uno recomendado por dermat\u00f3logos (seg\u00fan una encuesta realizada por m\u00e9dicos estadounidenses realizada por una firma independiente de investigaci\u00f3n de mercado). Este producto no est\u00e1 destinado a mujeres. Incluye un gotero f\u00e1cil de usar.<\/p>\n<div class=\"ccs-cc-inline-feature-content ccs-cc-inline-feature-description\">\n<h3 data-cnet-ccs-icb-annotation=\"true\"><span data-cnet-ccs-icb-restrictions=\"style\" data-cnet-ccs-icb-annotation=\"true\"><span dir=\"auto\">\u00bfQu\u00e9 es la soluci\u00f3n t\u00f3pica de minoxidil al 5%?<\/span><\/span><\/h3>\n<p><span dir=\"auto\">La soluci\u00f3n t\u00f3pica de minoxidil al 5% es un medicamento l\u00edquido incoloro que contiene 5% de minoxidil para uso exclusivo en el cuero cabelludo para ayudar a que vuelva a crecer el cabello.<\/span><\/p>\n<h3 data-cnet-ccs-icb-annotation=\"true\"><span data-cnet-ccs-icb-restrictions=\"style\" data-cnet-ccs-icb-annotation=\"true\"><span dir=\"auto\">\u00bfQui\u00e9n puede usar la soluci\u00f3n t\u00f3pica de minoxidil al 5%?<\/span><\/span><\/h3>\n<p><span dir=\"auto\">La soluci\u00f3n t\u00f3pica de minoxidil al 5% es solo para hombres. La soluci\u00f3n t\u00f3pica de minoxidil al 5% puede ser apropiada para usted si tiene al menos 18 a\u00f1os de edad y experimenta un adelgazamiento gradual del cabello o una p\u00e9rdida gradual del cabello en la parte superior del cuero cabelludo (solo v\u00e9rtice, como se muestra en el folleto). No est\u00e1 destinada a la calvicie frontal ni a las entradas. El proceso com\u00fan hereditario de adelgazamiento o p\u00e9rdida del cabello comienza lentamente y puede volverse notorio solo despu\u00e9s de a\u00f1os de p\u00e9rdida gradual.<\/span><br data-cnet-ccs-icb-annotation=\"true\" \/><br data-cnet-ccs-icb-annotation=\"true\" \/><span dir=\"auto\">La soluci\u00f3n t\u00f3pica de minoxidil al 5% es para la p\u00e9rdida o adelgazamiento del cabello que comienza en el v\u00e9rtice del cuero cabelludo. La soluci\u00f3n t\u00f3pica de minoxidil al 5% tiene m\u00e1s probabilidades de volver a crecer el cabello en hombres con p\u00e9rdida de cabello en el rango que se muestra en el folleto..<\/span><br data-cnet-ccs-icb-annotation=\"true\" \/><br data-cnet-ccs-icb-annotation=\"true\" \/><span data-cnet-ccs-icb-restrictions=\"style\" data-cnet-ccs-icb-annotation=\"true\"><span dir=\"auto\">\u00bfQu\u00e9 tan pronto puedo esperar resultados del uso de la soluci\u00f3n t\u00f3pica de minoxidil al 5%?<\/span><\/span><\/p>\n<\/div>\n<\/div>\n<\/div>\n<div class=\"ccs-cc-inline-features-block ccs-cc-inline-single-feature\">\n<div class=\"ccs-cc-inline-feature\" data-type=\"text\">\n<div class=\"ccs-cc-inline-feature-content ccs-cc-inline-feature-description\">\n<p><span dir=\"auto\">Dado que el cabello normal suele crecer solo de 1\/2 a 1 pulgada por mes, la regeneraci\u00f3n del cabello con la soluci\u00f3n t\u00f3pica de minoxidil al 5% tambi\u00e9n lleva tiempo.<\/span><br data-cnet-ccs-icb-annotation=\"true\" \/><br data-cnet-ccs-icb-annotation=\"true\" \/><span dir=\"auto\">Los resultados pueden verse a los 2 meses con un uso dos veces al d\u00eda. Para algunos hombres, puede tomar al menos 4 meses para que se vean los resultados. Si no ve ning\u00fan resultado despu\u00e9s de 4 meses, deje de usar la soluci\u00f3n t\u00f3pica de minoxidil al 5%.<\/span><br data-cnet-ccs-icb-annotation=\"true\" \/><br data-cnet-ccs-icb-annotation=\"true\" \/><span dir=\"auto\">Cuando comience a usar la soluci\u00f3n t\u00f3pica de minoxidil al 5%, su p\u00e9rdida de cabello puede aumentar temporalmente hasta por 2 semanas. Esto es probablemente una se\u00f1al de que se est\u00e1 deshaciendo de cabello viejo para que vuelva a crecer m\u00e1s cabello nuevo. Este aumento temporal en la p\u00e9rdida de cabello es esperado y es parte del proceso de c\u00f3mo la soluci\u00f3n t\u00f3pica de minoxidil al 5% regenera el cabello. Recuerde, este aumento de la p\u00e9rdida de cabello es temporal. Sin embargo, si contin\u00faa despu\u00e9s de dos semanas, consulte a su m\u00e9dico.<\/span><\/p>\n<h3 data-cnet-ccs-icb-annotation=\"true\"><span data-cnet-ccs-icb-restrictions=\"style\" data-cnet-ccs-icb-annotation=\"true\"><span dir=\"auto\">\u00bfDurante cu\u00e1nto tiempo debo utilizar la soluci\u00f3n t\u00f3pica de minoxidil al 5%?<\/span><\/span><\/h3>\n<p><span dir=\"auto\">Si experimenta recrecimiento del cabello, es necesario continuar con el uso de la soluci\u00f3n t\u00f3pica de minoxidil al 5% o la ca\u00edda del cabello comenzar\u00e1 de nuevo.<\/span><\/p>\n<h3 data-cnet-ccs-icb-annotation=\"true\"><span data-cnet-ccs-icb-restrictions=\"style\" data-cnet-ccs-icb-annotation=\"true\"><span dir=\"auto\">\u00bfQu\u00e9 pasa si dejo de usar por completo la soluci\u00f3n t\u00f3pica de minoxidil al 5%? \u00bfConservar\u00e9 el cabello nuevo?<\/span><\/span><\/h3>\n<p><span dir=\"auto\">Es necesario el uso continuo de la soluci\u00f3n t\u00f3pica de minoxidil al 5% para mantener el crecimiento del cabello.<\/span><br data-cnet-ccs-icb-annotation=\"true\" \/><br data-cnet-ccs-icb-annotation=\"true\" \/><span dir=\"auto\">Si deja de usarla, perder\u00e1 el cabello reci\u00e9n regenerado en 3 o 4 meses.<\/span><\/p>\n<\/div>\n<\/div>\n<\/div>\n<div class=\"ccs-cc-inline-features-block ccs-cc-inline-single-feature\">\n<div class=\"ccs-cc-inline-feature\" data-type=\"text\">\n<div class=\"ccs-cc-inline-feature-content ccs-cc-inline-feature-description\"><br data-cnet-ccs-icb-annotation=\"true\" \/><br data-cnet-ccs-icb-annotation=\"true\" \/><\/div>\n<\/div>\n<\/div>\n<div class=\"ccs-cc-inline-features-block ccs-cc-inline-single-feature\">\n<div class=\"ccs-cc-inline-feature\" data-type=\"text\">\n<div class=\"ccs-cc-inline-feature-content ccs-cc-inline-feature-description\">\n<h3><\/h3>\n<\/div>\n<\/div>\n<\/div>\n","protected":false},"excerpt":{"rendered":"<p>Cl\u00ednicamente comprobado para tratar la p\u00e9rdida y debilitamiento capilar,\u00a0Minoxidil Kirkland 5%\u00a0es tu aliado para\u00a0recuperar, fortalecer y estimular\u00a0un crecimiento m\u00e1s denso y saludable. Instrucciones: Aplicar 1 ml<span class=\"excerpt-hellip\"> [\u2026]<\/span><\/p>\n","protected":false},"featured_media":9775,"comment_status":"open","ping_status":"closed","template":"","meta":{"_joinchat":[]},"product_brand":[],"product_cat":[67,126,127,27,101,81],"product_tag":[],"class_list":{"0":"post-9774","1":"product","2":"type-product","3":"status-publish","4":"has-post-thumbnail","6":"product_cat-destacados","7":"product_cat-otros-vitaminas-para-ellas","8":"product_cat-otros","9":"product_cat-para-ellos","10":"product_cat-todos-los-productos","11":"product_cat-vitaminas-para-ellos","13":"first","14":"outofstock","15":"shipping-taxable","16":"purchasable","17":"product-type-simple"},"_links":{"self":[{"href":"https:\/\/ofertasimportadas.cl\/index.php\/wp-json\/wp\/v2\/product\/9774","targetHints":{"allow":["GET"]}}],"collection":[{"href":"https:\/\/ofertasimportadas.cl\/index.php\/wp-json\/wp\/v2\/product"}],"about":[{"href":"https:\/\/ofertasimportadas.cl\/index.php\/wp-json\/wp\/v2\/types\/product"}],"replies":[{"embeddable":true,"href":"https:\/\/ofertasimportadas.cl\/index.php\/wp-json\/wp\/v2\/comments?post=9774"}],"wp:featuredmedia":[{"embeddable":true,"href":"https:\/\/ofertasimportadas.cl\/index.php\/wp-json\/wp\/v2\/media\/9775"}],"wp:attachment":[{"href":"https:\/\/ofertasimportadas.cl\/index.php\/wp-json\/wp\/v2\/media?parent=9774"}],"wp:term":[{"taxonomy":"product_brand","embeddable":true,"href":"https:\/\/ofertasimportadas.cl\/index.php\/wp-json\/wp\/v2\/product_brand?post=9774"},{"taxonomy":"product_cat","embeddable":true,"href":"https:\/\/ofertasimportadas.cl\/index.php\/wp-json\/wp\/v2\/product_cat?post=9774"},{"taxonomy":"product_tag","embeddable":true,"href":"https:\/\/ofertasimportadas.cl\/index.php\/wp-json\/wp\/v2\/product_tag?post=9774"}],"curies":[{"name":"wp","href":"https:\/\/api.w.org\/{rel}","templated":true}]}}