{"id":9974,"date":"2026-01-24T12:39:58","date_gmt":"2026-01-24T15:39:58","guid":{"rendered":"https:\/\/ofertasimportadas.cl\/?post_type=product&#038;p=9974"},"modified":"2026-04-11T17:56:00","modified_gmt":"2026-04-11T20:56:00","slug":"centrum-multigummies-men-silver50-anos-140-gomitas","status":"publish","type":"product","link":"https:\/\/ofertasimportadas.cl\/index.php\/producto\/centrum-multigummies-men-silver50-anos-140-gomitas\/","title":{"rendered":"Centrum Multigummies Men Silver+50 a\u00f1os 140 gomitas"},"content":{"rendered":"<p>Suplemento Diario Multivitam\u00ednico en Gomitas\u00a0 para hombre Mayores de 50<\/p>\n<p>Centrum MultiGummies para hombre +50a\u00f1os son un delicioso suplemento multivitam\u00ednico\/multimineral especialmente formulado para apoyar las necesidades de hombres de 50 a\u00f1os en adelante. Estas gomitas multivitam\u00ednicas para hombre proporcionan el 100% o m\u00e1s del valor diario recomendado de Vitamina D3, E, B6, B12 y Biotina. Cada dosis\u00a0 contiene vitaminas B y zinc, proporcionando nutrientes para la salud del coraz\u00f3n y del cerebro para ayudar a apoyar la funci\u00f3n normal del coraz\u00f3n (2) y el cerebro (1). Este suplemento\u00a0 \u00a0tambi\u00e9n contiene vitaminas D y B6 para ayudar a apoyar la funci\u00f3n muscular, y vitaminas para la salud ocular como las vitaminas A, C y E (1).<\/p>\n<p>Estas gomitas de vitaminas con sabor a frutas est\u00e1n hechas con sabores naturales de frutas y sin edulcorantes artificiales.<\/p>\n<p>Complementa tu nutrici\u00f3n tomando dos gomitas cada d\u00eda con o sin comida o agua. Alimenta tus c\u00e9lulas, alimenta tu vida con Centrum, la marca recomendada por m\u00e9dicos y farmac\u00e9uticos #1. (1) Esta declaraci\u00f3n no ha sido evaluada por la Administraci\u00f3n de Alimentos y Medicamentos. Este producto no est\u00e1 destinado a diagnosticar, tratar, curar o prevenir ninguna enfermedad. (2) No es un reemplazo para medicamentos reductores de colesterol<\/p>\n<p>Multivitaminas\u00a0 para hombre, especialmente formuladas para apoyar la salud de todo el cuerpo (1)<br \/>\nNutrientes para la salud ocular, muscular, cerebral y card\u00edaca (1, 2) que proporcionan el 100% o m\u00e1s del valor diario recomendado de vitaminas D3, E, B6, B12 y biotina<br \/>\nMultivitaminas para hombres +50 con vitaminas A, C, D y E, as\u00ed como vitaminas B y zinc<br \/>\nGomitas multivitam\u00ednicas para hombre hechas con sabores naturales de frutas y sin edulcorantes artificiales<br \/>\nGomitas multivitam\u00ednicas para hombre disponibles en una forma f\u00e1cil de tomar<br \/>\nComplementa tu nutrici\u00f3n tomando dos de estas vitaminas para hombre mayores uso diario, con o sin comida o agua<\/p>\n","protected":false},"excerpt":{"rendered":"<p>Suplemento Diario Multivitam\u00ednico en Gomitas\u00a0 para hombre Mayores de 50 Centrum MultiGummies para hombre +50a\u00f1os son un delicioso suplemento multivitam\u00ednico\/multimineral especialmente formulado para apoyar las necesidades<span class=\"excerpt-hellip\"> [\u2026]<\/span><\/p>\n","protected":false},"featured_media":9983,"comment_status":"open","ping_status":"closed","template":"","meta":{"_joinchat":[]},"product_brand":[],"product_cat":[82,27,101,81],"product_tag":[],"class_list":{"0":"post-9974","1":"product","2":"type-product","3":"status-publish","4":"has-post-thumbnail","6":"product_cat-multivitaminicos-vitaminas-para-ellos","7":"product_cat-para-ellos","8":"product_cat-todos-los-productos","9":"product_cat-vitaminas-para-ellos","11":"first","12":"instock","13":"shipping-taxable","14":"purchasable","15":"product-type-simple"},"_links":{"self":[{"href":"https:\/\/ofertasimportadas.cl\/index.php\/wp-json\/wp\/v2\/product\/9974","targetHints":{"allow":["GET"]}}],"collection":[{"href":"https:\/\/ofertasimportadas.cl\/index.php\/wp-json\/wp\/v2\/product"}],"about":[{"href":"https:\/\/ofertasimportadas.cl\/index.php\/wp-json\/wp\/v2\/types\/product"}],"replies":[{"embeddable":true,"href":"https:\/\/ofertasimportadas.cl\/index.php\/wp-json\/wp\/v2\/comments?post=9974"}],"wp:featuredmedia":[{"embeddable":true,"href":"https:\/\/ofertasimportadas.cl\/index.php\/wp-json\/wp\/v2\/media\/9983"}],"wp:attachment":[{"href":"https:\/\/ofertasimportadas.cl\/index.php\/wp-json\/wp\/v2\/media?parent=9974"}],"wp:term":[{"taxonomy":"product_brand","embeddable":true,"href":"https:\/\/ofertasimportadas.cl\/index.php\/wp-json\/wp\/v2\/product_brand?post=9974"},{"taxonomy":"product_cat","embeddable":true,"href":"https:\/\/ofertasimportadas.cl\/index.php\/wp-json\/wp\/v2\/product_cat?post=9974"},{"taxonomy":"product_tag","embeddable":true,"href":"https:\/\/ofertasimportadas.cl\/index.php\/wp-json\/wp\/v2\/product_tag?post=9974"}],"curies":[{"name":"wp","href":"https:\/\/api.w.org\/{rel}","templated":true}]}}